{"id":1095,"date":"2017-05-23T17:31:48","date_gmt":"2017-05-23T17:31:48","guid":{"rendered":"http:\/\/localhost:8080\/mywordpress\/speech-therapy\/"},"modified":"2019-07-02T13:50:00","modified_gmt":"2019-07-02T20:50:00","slug":"speech_therapy","status":"publish","type":"page","link":"https:\/\/www.passy-muir.com\/es\/speech_therapy\/","title":{"rendered":"Terapia del Habla"},"content":{"rendered":"<div class=\"l2-header-con no-banner\">\n<div class=\"l2-header-icon\">\n\t\t<img decoding=\"async\"  src=\"\/wp-content\/uploads\/2017\/05\/Therapy.jpg\" alt=\"therapy\" \/>\n\t<\/div>\n<div class=\"l2-header-text\">\n\t\t\t\tTerapia del Habla\n                         <\/div>\n<\/p><\/div>\n<div style=\"clear:both\"><\/div>\n<div class=\"section_descl2\">\n<p class=\"translation-block\">A nuestros Especialistas Cl\u00ednicos de Passy Muir se les\npregunta frecuentemente sobre ideas de terapia y\nsugerencias para pacientes que usan la V\u00e1lvula Passy\nMuir<sup>\u00ae<\/sup>. Por lo tanto, hemos dedicado esta secci\u00f3n de\nnuestro sitio web a compartir ideas de terapia y consejos\npara diferentes objetivos de tratamiento, incluida la\neducaci\u00f3n del paciente, la expresi\u00f3n y la comunicaci\u00f3n.\nMuchas de estas t\u00e9cnicas y estrategias de terapia muy\ncreativas han sido compartidas con nosotros por m\u00e9dicos\ntalentosos y dedicados y padres que trabajan con\npersonas traqueostomizadas. Hemos incluido una gu\u00eda\nimprimible para cada una de estas ideas de terapia para\nsu conveniencia.<\/p>\n<\/div>\n<div class=\"row\">\n<div class=\"col-sm-4\">\n<div style=\"max-width: 600px; margin-left: auto; margin-right: auto;\">\n<style>.codegena{position:relative;width:100%;height:0;padding-bottom:56.27198%;}.codegena iframe{position:absolute;top:0;left:0;width:100%;height:100%;}\/*Youtube Embed Code : Created with Codegena.com *\/<\/style>\n<div class=\"codegena\"><iframe loading=\"lazy\" src=\"\/\/www.youtube.com\/embed\/dURIZ6XYnDo?rel=0\" width=\"320\" height=\"215\" frameborder=\"0\" allowfullscreen=\"allowfullscreen\"><\/iframe><\/div>\n<\/div>\n<p><center><strong><span style=\"font-size: large;\">T\u00e9cnicas de distracci\u00f3n<\/span><\/strong><\/center><\/div>\n<div class=\"col-sm-4\">\n<div style=\"max-width: 600px; margin-left: auto; margin-right: auto;\">\n<style>.codegena{position:relative;width:100%;height:0;padding-bottom:56.27198%;}.codegena iframe{position:absolute;top:0;left:0;width:100%;height:100%;}\/*Youtube Embed Code : Created with Codegena.com *\/<\/style>\n<div class=\"codegena\"><iframe loading=\"lazy\" src=\"\/\/www.youtube.com\/embed\/d168L1E8tX0?rel=0\" width=\"320\" height=\"215\" frameborder=\"0\" allowfullscreen=\"allowfullscreen\"><\/iframe><\/div>\n<\/div>\n<p><center><strong><span style=\"font-size: large;\">Ejercicios de Habla y Degluci\u00f3n.<\/span><\/strong><\/center><\/div>\n<div class=\"col-sm-4\">\n<div style=\"max-width: 600px; margin-left: auto; margin-right: auto;\">\n<style>.codegena{position:relative;width:100%;height:0;padding-bottom:56.27198%;}.codegena iframe{position:absolute;top:0;left:0;width:100%;height:100%;}\/*Youtube Embed Code : Created with Codegena.com *\/<\/style>\n<div class=\"codegena\"><iframe loading=\"lazy\" src=\"https:\/\/www.youtube.com\/embed\/-U7JAaeOQYE?rel=0\" width=\"320\" height=\"215\" frameborder=\"0\" allowfullscreen=\"allowfullscreen\"><\/iframe><\/div>\n<\/div>\n<p><center><strong><span style=\"font-size: large;\">Toby Tracheasaurus\u2122<\/span><\/strong><\/center><\/div>\n<\/div>\n<h2>Idea de terapia: Uso de software de aplicaci\u00f3n (Apps)<\/h2>\n<p class=\"page_paragraph translation-block\">Idea de terapia: Uso de software de aplicaci\u00f3n (Apps) Ahora hay muchas aplicaciones disponibles de forma gratuita o de bajo costo que se pueden usar para facilitar la voz, la comunicaci\u00f3n y la degluci\u00f3n. Talking Tomcat es un ejemplo de una aplicaci\u00f3n divertida que puede estimular la vocalizaci\u00f3n. Como puede ver en este video, Tomcat repite todo lo que el usuario dice y responde al toque, lo que lo convierte en un compa\u00f1ero de conversaci\u00f3n atractivo. Esta aplicaci\u00f3n es muy gratificante para los pacientes m\u00e1s j\u00f3venes que aprenden a hablar. Este es un video de Ellis y Tomcat conversando. Agradecemos a la familia de Ellis por compartir este video. Para descargar nuestra gu\u00eda de ideas de terapia, haga <a href=\"\/wp-content\/uploads\/2019\/06\/therapyhandouts_app.pdf\">clic aqu\u00ed.<\/a><\/p>\n<p><!-- 16:9 aspect ratio --><\/p>\n<div class=\"education_animation_container\">\n<div class=\"embed-responsive embed-responsive-16by9\">\n<style>.embed-container { position: relative; padding-bottom: 56.25%; height: 0; overflow: hidden; max-width: 100%; } .embed-container iframe, .embed-container object, .embed-container embed { position: absolute; top: 0; left: 0; width: 100%; height: 100%; }<\/style>\n<div class='embed-container'><iframe src='https:\/\/www.youtube.com\/embed\/kjHdDswJ7rI?rel=0' frameborder='0' allowfullscreen><\/iframe><\/div>\n<\/div>\n<h2>Creaci\u00f3n de un libro de cuentos<\/h2>\n<p class=\"translation-block\">En la edici\u00f3n de primavera de 2011 de Talk Muir, la\nconsultora de <span class=\"pm_ws\">Passy Muir<\/span> Katy Peck, MA, CCC-SLP,\nCBIS, CLE, explica c\u00f3mo crea libros de cuentos\nindividualizados para sus pacientes traqueostomizados\npedi\u00e1tricos. Para leer el art\u00edculo completo, <a href=\"\/wp-content\/uploads\/2017\/05\/pm-newsletter-spring-2011.pdf\" target=\"_self\">haga clic aqu\u00ed.<\/a><\/p>\n<p><span class=\"translation-block\">\u201cLos libros de cuentos que he creado para mis pacientes\nrelatan el viaje m\u00e9dico del ni\u00f1o y resaltan c\u00f3mo la V\u00e1lvula\n<span class=\"pm_ws\">Passy Muir<\/span> ha cambiado sus vidas. Cada libro de cuentos\ndocumenta la secuencia individual de un ni\u00f1o que\ncomienza con una introducci\u00f3n a su terapeuta y la V\u00e1lvula\n<span class=\"pm_ws\">Passy Muir<\/span> y avanzando a una descripci\u00f3n de mejoras en\nlas siguientes \u00e1reas:<\/span><\/p>\n<ul>\n<li>Tolerancia al uso<\/li>\n<li>Producci\u00f3n de voz mejorada y la ventilaci\u00f3n en el hogar y\nentornos m\u00e9dicos.<\/li>\n<li>Respuestas sensoriales al olfato y estimulaci\u00f3n del gusto.<\/li>\n<li>Seguridad en la degluci\u00f3n y progresi\u00f3n a la alimentaci\u00f3n\noral.<\/li>\n<li>Capacidad para toser y controlar las secreciones.<\/li>\n<\/ul>\n<p class=\"translation-block\">Animo a los pacientes y a los padres a participar en el\ndesarrollo de su propio libro de cuentos a medida que el\nni\u00f1o aumenta su uso de la V\u00e1lvula <span class=\"pm_ws\">Passy Muir<\/span>. Las\nfotograf\u00edas digitales se toman durante las sesiones de\nterapia y se pegan en las p\u00e1ginas del libro de cuentos.\nEstas im\u00e1genes est\u00e1n acompa\u00f1adas de oraciones\nsimples y burbujas de pensamiento que representan\nactividades espec\u00edficas durante el uso de la V\u00e1lvula\n<span class=\"pm_ws\">Passy Muir<\/span>, por ejemplo, soplar burbujas para aumentar\nla exhalaci\u00f3n oral o probar un alimento reci\u00e9n introducido.\nLos pacientes participan al secuenciar las p\u00e1ginas\ndesarrolladas o al escribir su historia con las fotograf\u00edas\nque ya est\u00e1n en su lugar. \"Encuadern\u00e9 los libros con los\npeines de encuadernaci\u00f3n, agregu\u00e9 una p\u00e1gina de\nportada transparente y una p\u00e1gina de atr\u00e1s duradera,\ntodo lo cual est\u00e1 disponible en las tiendas locales de\nsuministros de oficina\".<\/p>\n<p class=\"translation-block\">Para ver nuestra gu\u00eda sobre c\u00f3mo crear su propio libro de\ncuentos, <a href=\"https:\/\/www.passy-muir.com\/sites\/default\/files\/pdf\/therapyhandouts_storybook.pdf\" target=\"_self\">haga clic aqu\u00ed.<\/a><\/div>","protected":false},"excerpt":{"rendered":"Speech Therapy Our <span class=\"pm_ws\">Passy Muir<\/span> Clinical Specialists are frequently asked about therapy ideas and suggestions for patients using the <span class=\"pm_ws\"><span class=\"pm_ws\">Passy Muir<\/span><\/span><sup>\u00ae<\/sup> Valve. Therefore, we have dedicated this section of our website to sharing therapy ideas and tips for different treatment goals, including patient education, voicing, and communication. Many of these very creative therapy techniques and [&hellip;]","protected":false},"author":6,"featured_media":732,"parent":0,"menu_order":0,"comment_status":"closed","ping_status":"closed","template":"","meta":{"footnotes":""},"yst_prominent_words":[1350,1168,268,648,267,87,65,1346,86,72,62,209,1351,1330,1347,266,265,1348,81,675],"class_list":["post-1095","page","type-page","status-publish","has-post-thumbnail","hentry"],"_links":{"self":[{"href":"https:\/\/www.passy-muir.com\/es\/wp-json\/wp\/v2\/pages\/1095","targetHints":{"allow":["GET"]}}],"collection":[{"href":"https:\/\/www.passy-muir.com\/es\/wp-json\/wp\/v2\/pages"}],"about":[{"href":"https:\/\/www.passy-muir.com\/es\/wp-json\/wp\/v2\/types\/page"}],"author":[{"embeddable":true,"href":"https:\/\/www.passy-muir.com\/es\/wp-json\/wp\/v2\/users\/6"}],"replies":[{"embeddable":true,"href":"https:\/\/www.passy-muir.com\/es\/wp-json\/wp\/v2\/comments?post=1095"}],"version-history":[{"count":7,"href":"https:\/\/www.passy-muir.com\/es\/wp-json\/wp\/v2\/pages\/1095\/revisions"}],"predecessor-version":[{"id":12847,"href":"https:\/\/www.passy-muir.com\/es\/wp-json\/wp\/v2\/pages\/1095\/revisions\/12847"}],"wp:featuredmedia":[{"embeddable":true,"href":"https:\/\/www.passy-muir.com\/es\/wp-json\/wp\/v2\/media\/732"}],"wp:attachment":[{"href":"https:\/\/www.passy-muir.com\/es\/wp-json\/wp\/v2\/media?parent=1095"}],"wp:term":[{"taxonomy":"yst_prominent_words","embeddable":true,"href":"https:\/\/www.passy-muir.com\/es\/wp-json\/wp\/v2\/yst_prominent_words?post=1095"}],"curies":[{"name":"wp","href":"https:\/\/api.w.org\/{rel}","templated":true}]}}