{"id":19422,"date":"2023-09-05T08:24:16","date_gmt":"2023-09-05T15:24:16","guid":{"rendered":"https:\/\/www.passy-muir.com\/?page_id=19422"},"modified":"2023-10-30T08:22:39","modified_gmt":"2023-10-30T15:22:39","slug":"in-person-seminars","status":"publish","type":"page","link":"https:\/\/www.passy-muir.com\/es\/in-person-seminars\/","title":{"rendered":"In-Person Seminars"},"content":{"rendered":"<style type=\"text\/css\">\nh4<br \/>{<br \/>\tmargin-top: 5px;<br \/>\tmargin-bottom: 21px;<br \/>}<br \/>.ceu h4 a<br \/>{<br \/>\tcolor: #000000;<br \/>}<br \/>.icon<br \/>{<br \/>\tfloat: left;<br \/>}<br \/>.ceupic<br \/>{<br \/>\tvalign: top;<br \/>\twidth: 15%;<br \/>}<br \/>.ceupic img<br \/>{<br \/>\tmargin-top: 25px;<br \/>}<br \/>.ceuinfo<br \/>{<br \/>\tvalign: top;<br \/>}<br \/>div.click2register {<br \/>    background-color: #743167;<br \/>    color: white;<br \/>    width: 140px;<br \/>    text-align: center;<br \/>    padding: 5px 5px;<br \/>    float: right;<br \/>    margin: 10px 0px;<br \/>    font-weight: bold<br \/>  }<br \/>div.click2register:hover {<br \/>    color: black;<br \/>  }<br \/><\/style>\n<div class=\"l3-header-con no-banner\">\n<div class=\"l3-header-icon\"><img decoding=\"async\" src=\"\/wp-content\/uploads\/2018\/01\/Seminars_0.png\" alt=\"products\" \/><\/div>\n<div class=\"l3-header-text\">2023- 2024<br \/>\nIn-Person Seminars<\/div>\n<\/div>\n<div style=\"clear: both;\"><\/div>\n<h2>Speaking Valve Use with Tracheostomy and Mechanical Ventilation: Now, We\u2019re Talking!<\/h2>\n<div class=\"video_box\">\n<style>.embed-container { position: relative; padding-bottom: 56.25%; height: 0; overflow: hidden; max-width: 100%; } .embed-container iframe, .embed-container object, .embed-container embed { position: absolute; top: 0; left: 0; width: 100%; height: 100%; }<\/style>\n<div class=\"embed-container\"><iframe src=\"https:\/\/www.youtube.com\/embed\/u8Txwbun1Lg\" frameborder=\"0\" allowfullscreen=\"allowfullscreen\"><\/iframe><\/div>\n<\/div>\n<p><em>Open to nursing, respiratory therapists (RT), speech-language pathologists (SLP), and any healthcare professional who works with this medically complex patient population.<\/em><\/p>\n<p><strong>Date:<\/strong> Saturday, October 28, 2023 9:00am-5:00pm<\/p>\n<p><strong>Featuring:<\/strong><br \/>\nKristin King, PhD, CCC-SLP<br \/>\nCorey Mohnike, BS, RRT<\/p>\n<p><em>Featured Panelists:<\/em><br \/>\nCarmin Bartow, MS, CCC-SLP<br \/>\nTiffany Oakes, MS, CCC-SLP<\/p>\n<p><strong>Location:<\/strong><br \/>\nSouth Brooklyn Health<br \/>\nKane Auditorium<br \/>\nMain building, 2nd floor<br \/>\n2601 Ocean Parkway<br \/>\nBrooklyn, NY 11235<\/p>\n<p>&nbsp;<\/p>\n<div class=\"video_box\"><iframe loading=\"lazy\" style=\"border: 0;\" src=\"https:\/\/www.google.com\/maps\/embed?pb=!1m18!1m12!1m3!1d3030.01219985709!2d-73.96808667417406!3d40.58548612141279!2m3!1f0!2f0!3f0!3m2!1i1024!2i768!4f13.1!3m3!1m2!1s0x89c2445ca6bda90d%3A0x5240313f66f2a277!2sNYC%20Health%20%2B%20Hospitals%2FSouth%20Brooklyn%20Health!5e0!3m2!1sen!2sus!4v1693943129649!5m2!1sen!2sus\" width=\"430\" height=\"240\" frameborder=\"0\" allowfullscreen=\"allowfullscreen\"><\/iframe><\/div>\n<p>&nbsp;<\/p>\n<p><strong>Parking Information:<\/strong> The Ruth Bader Ginsburg Hospital (RBG) garage is attached to the hospital (entrance is on Ave Z) with daily parking for patients, visitors and staff.<br \/>\n&#8211; Daily Flat Rate: $15<\/p>\n<p><!--\n<a href=\"#\"> Click here for a map to the parking garage and auditorium.<\/a>\n--><\/p>\n<p><strong>Class Size:<\/strong> Space is limited and registrations will be accepted in the order received.<\/p>\n<p>Handouts will be provided on-site and are included in the cost of course.<\/p>\n<p><strong><b><em>Note:<\/em><\/b><\/strong> This in-person seminar will also be offered February 3, 2024 in Irvine, CA. More details to come.<\/p>\n<div><a href=\"https:\/\/passymuirseminar.regfox.com\/passy-muir-seminar\"><span class=\"order-now-header\">Register<\/span><\/a><\/div>\n<div class=\"responsive-tabs\">\n<h2 class=\"tabtitle\">Overview<\/h2>\n<div class=\"tabcontent\">\n\n<p>This seminar is designed to take the clinician from understanding the basics of a tracheostomy, including the physiologic impact on a patient\u2019s respiratory, speech, and swallowing functions, to learning assessment and treatment considerations for no-leak speaking Valve use. Clinicians will learn step-by-step methods for evaluating a patient for use of the Valve both with and without mechanical ventilation. Strategies for restoring communication, improving swallow function, improving secretion management, and restoring pressures in adults who require tracheostomy are reviewed. Attendees will have opportunities for practical application in breakout sessions which include demonstrations, hands-on training, and round table discussions. Attendees will learn the importance of early intervention and strategies for utilizing a no-leak speaking valve through case studies, mock assessments, and patient videos.<\/p>\n<p><strong>Pre-Requisite:<\/strong><br \/>\n<em>Fundamentals: Tracheostomy Tubes to Mechanical Ventilation<\/em><br \/>\nThis course is only available to seminar attendees. Prior to attending the seminar, this one-hour webinar provides an overview of the basics of a tracheostomy tube, cuff management with inflation and deflation, and basic vent terminology. Attendees will complete the course, quiz, and evaluation prior to the in-person seminar.<\/p>\n\n<\/div><h2 class=\"tabtitle\">Speakers<\/h2>\n<div class=\"tabcontent\">\n\n<div style=\"float: left; width: 120px; margin-right: 15px;\"><img decoding=\"async\" style=\"margin-top: 17px;\" src=\"\/wp-content\/uploads\/2023\/04\/KKing_2023_web.jpg\" \/><\/div>\n<p><span style=\"font-weight: bold; color: #460a64;\">Kristin King, PhD, CCC-SLP<\/span><br \/>\nWith over 25 years of experience in medical, academic, and industry settings, Dr. King brings a unique perspective to medical speech-language pathology. With a focus on neurological disease processes, her research and teachings have investigated traumatic brain injury, swallowing disorders, and aspects of critical care (tracheostomy and mechanical ventilation). She regularly speaks both domestically and internationally and publishes in peer-reviewed and clinical journals. She also has acted as an expert witness.<\/p>\n<div style=\"clear: both;\"><\/div>\n<p>Disclosure:<br \/>\nFinancial &#8211; Dr. King is an employee of <span class=\"pm_ws\">Passy Muir<\/span> Inc.<br \/>\nNonfinancial &#8211; Dr. King has no non-financial disclosures to disclose.<\/p>\n<hr class=\"big-hr\" \/>\n<div style=\"float: left; width: 120px; margin-right: 15px;\"><img decoding=\"async\" style=\"margin-top: 17px;\" src=\"\/wp-content\/uploads\/2019\/01\/Mohnike-1.jpg\" \/><\/div>\n<p><span style=\"font-weight: bold; color: #460a64;\">Corey Mohnike, BS, RRT<\/span><br \/>\nCorey Mohnike is a registered respiratory therapist at a Level II Trauma Center. Corey joined the <span class=\"pm_ws\">Passy Muir<\/span> consultant team with significant experience regarding the <span class=\"pm_ws\"><span class=\"pm_ws\">Passy Muir<\/span><\/span><sup>\u00ae<\/sup> Valve. His experience includes use of the Valve both as a patient requiring a tracheostomy after a motor vehicle accident and working with the Valve in medical facilities as an RRT. Corey worked at Madonna Rehabilitation Hospital, a <span class=\"pm_ws\">Passy Muir<\/span> Center of Excellence, in areas that served many ventilator patients using the Valve. He has co-authored multiple procedures regarding <span class=\"pmv_ws\"><span class=\"pm_ws\"><span class=\"pm_ws\">Passy Muir<\/span><\/span> Valve<\/span> assessment and application with patients on mechanical ventilation. Corey served as the Clinical Educator for a multidisciplinary staff at Bryan Health in Lincoln, Nebraska. He was also involved with the Nebraska Society for Respiratory Care, and has spoken at multiple state meetings and national conferences. He is now the RT Educator at The Medical Center of the Rockies in Loveland, CO.<\/p>\n<div style=\"clear: both;\"><\/div>\n<p>Disclosure:<br \/>\nFinancial &#8211; Corey is a Clinical Consultant with <span class=\"pm_ws\">Passy Muir<\/span> Inc.<br \/>\nNonfinancial &#8211; Corey has no non-financial disclosures to disclose.<\/p>\n<hr class=\"big-hr\" \/>\n<div style=\"float: left; width: 120px; margin-right: 15px;\"><img decoding=\"async\" style=\"margin-top: 17px;\" src=\"\/wp-content\/uploads\/2020\/03\/Carmin_2020.jpg\" \/><\/div>\n<p><span style=\"font-weight: bold; color: #460a64;\">Carmin Bartow, MS, CCC-SLP<\/span><br \/>\nCarmin Bartow es una pat\u00f3loga del habla y el lenguaje que tiene m\u00e1s de 20 a\u00f1os de experiencia trabajando con pacientes complejados m\u00e9dicamente en una variedad de entornos. Ella est\u00e1 certificada por la Junta en Tragar y Tragar Trastornos y es endoscopista certificada en el estado de Tennessee. Se ha especializado en la intervenci\u00f3n, evaluaci\u00f3n y tratamiento de disfagia de pacientes con traqueotom\u00eda y ventilaci\u00f3n mec\u00e1nica, y en la intervenci\u00f3n de comunicaci\u00f3n y degluci\u00f3n para pacientes con c\u00e1ncer de cabeza y cuello. Carmin fue instrumental en el desarrollo y el \u00e9xito del equipo de traqueotom\u00eda del Centro M\u00e9dico de la Universidad de Vanderbilt y en la conferencia anual de Patolog\u00eda del Habla M\u00e9dica de Mejores Pr\u00e1cticas. Adem\u00e1s, ense\u00f1ado el curso de disfagia como instructora adjunta en la Universidad Estatal de Tennessee. Es autora y coautora de trabajos revisados por pares y presentaciones sobre disfagia, c\u00e1ncer de cabeza y cuello, traqueotom\u00eda y ventilaci\u00f3n mec\u00e1nica, y equipos de traqueotom\u00eda multidisciplinarios. Carmin es actualmente una especialista cl\u00ednica tiempo completo para <span class=\"pm_ws\">Passy Muir<\/span>.<\/p>\n<div style=\"clear: both;\"><\/div>\n<p>Disclosure:<br \/>\nFinancial &#8211; Carmin Bartow is an employee of <span class=\"pm_ws\">Passy Muir<\/span> Inc.<br \/>\nNonfinancial &#8211; Carmin Bartow has no non-financial disclosures to disclose.<\/p>\n<hr class=\"big-hr\" \/>\n<div style=\"float: left; width: 120px; margin-right: 15px;\"><img decoding=\"async\" style=\"margin-top: 17px;\" src=\"\/wp-content\/uploads\/2022\/06\/Tiffany_2022_web.jpg\" \/><\/div>\n<p><span style=\"font-weight: bold; color: #460a64;\">Tiffany Oakes, MS, CCC-SLP<\/span><br \/>\nTiffany graduated with a Master\u2019s in Speech-Language Pathology from the University of Tennessee Health Science Center in 2012. She has been a medical SLP in various settings from acute care to home health, treating both the adult and medically complex pediatric populations. Tiffany has experience developing patient care pathways to guide assessment and treatment selection for patients in home health, at both the state and national level. She has participated in research related to patients with TBI and sports concussions, and she has experience with research analysis and writing white papers. She is a volunteer for Remote Area Medical (RAM), assisting with medical services. She also participates in the development of multimedia education related to healthcare and clinical practice.<\/p>\n<div style=\"clear: both;\"><\/div>\n<p>Disclosure:<br \/>\nFinancial &#8211; Tiffany Oakes is an employee of <span class=\"pm_ws\">Passy Muir<\/span> Inc.<br \/>\nNonfinancial &#8211; Tiffany Oakes has no non-financial disclosures to disclose.<\/p>\n<div style=\"clear: both;\"><\/div>\n<hr \/>\n<p>&nbsp;<\/p>\n\n<\/div><h2 class=\"tabtitle\">Agenda<\/h2>\n<div class=\"tabcontent\">\n\n<table id=\"paddedtable\" class=\"table-border\" style=\"text-align: left; height: 536px; width: 780px;\" border=\"1\" cellspacing=\"10\" cellpadding=\"10\">\n<tbody>\n<tr align=\"center\">\n<td style=\"width: 499px;\" colspan=\"2\" rowspan=\"1\">\n<h2>Agenda<\/h2>\n<\/td>\n<\/tr>\n<tr>\n<td style=\"width: 100px;\">9:00 &#8211; 10:00<\/td>\n<td style=\"width: 499px;\">Assessment and Placement with demonstration \u2013 Non-Vent<\/td>\n<\/tr>\n<tr>\n<td style=\"width: 100px;\">10:00 &#8211; 11:30<\/td>\n<td style=\"width: 499px;\">Breakout Session \u2013 trach tubes, cuff management, and mock assessment<\/td>\n<\/tr>\n<tr>\n<td style=\"width: 100px;\">11:30 &#8211; 12:00<\/td>\n<td style=\"width: 499px;\">Troubleshooting and treatment with case study<\/td>\n<\/tr>\n<tr>\n<td style=\"width: 100px;\">12:15 &#8211; 1:00<\/td>\n<td style=\"width: 499px;\">Lunch &amp; Learn: Dysphagia Discussion and Panel\/Round table<\/td>\n<\/tr>\n<tr>\n<td style=\"width: 100px;\">1:00 &#8211; 2:15<\/td>\n<td style=\"width: 499px;\">Basics of ventilator application of the No-leak valve<\/td>\n<\/tr>\n<tr>\n<td style=\"width: 100px;\">2:15 &#8211; 3:45<\/td>\n<td style=\"width: 499px;\">Breakout Session \u2013 Ventilator application and mock assessments<\/td>\n<\/tr>\n<tr>\n<td style=\"width: 100px;\">3:45 &#8211; 4:45<\/td>\n<td style=\"width: 499px;\">Trachlore, Barriers, &amp; More: Panel\/Round Table Discussion<\/td>\n<\/tr>\n<tr>\n<td style=\"width: 100px;\">4:45 &#8211; 5:00<\/td>\n<td style=\"width: 499px;\">Summary Discussion, Q&amp;A, &amp; Adjournment<\/td>\n<\/tr>\n<\/tbody>\n<\/table>\n\n<\/div><h2 class=\"tabtitle\">CEU Information<\/h2>\n<div class=\"tabcontent\">\n\n<p>Continuing education credit offered for RTs, SLPs, and RNs. All others will receive a Certificate of Attendance.<\/p>\n<p><img decoding=\"async\" style=\"padding: 10px; max-width: 250px;\" src=\"\/wp-content\/uploads\/2022\/01\/AARB-Brand-Block_Color_vert.jpg\" alt=\"ASHA\" \/><\/p>\n<div id=\"byline\">This seminar is offered for .75 ASHA CEUs (Intermediate level, Professional area).<\/div>\n<p><img decoding=\"async\" src=\"\/wp-content\/uploads\/2018\/11\/aarc-logo-b.jpg\" \/><\/p>\n<div id=\"byline\">Application for continuing education credit has been made to AARC for 7.5 CRCEs.<\/div>\n<p><img decoding=\"async\" style=\"width: 200px; height: 200px; padding: 20px;\" src=\"\/wp-content\/uploads\/2018\/11\/brn_2.jpg\" \/><\/p>\n<div id=\"byline\">Passy-Muir, Inc. is an approved provider of continuing education by the California Board of Registered Nursing (Provider #CEP11239). Each seminar is 7.5 contact hours.<\/div>\n<p>&nbsp;<\/p>\n<div id=\"byline\">Passy-Muir, Inc. has developed and patented a licensed technology trademarked as the <span class=\"pm_ws\"><span class=\"pm_ws\">Passy Muir<\/span><\/span><sup>\u00ae<\/sup> Tracheostomy and Ventilator Swallowing and Speaking Valve. This presentation will focus primarily on the bias-closed position <span class=\"pmv_ws\"><span class=\"pm_ws\"><span class=\"pm_ws\">Passy Muir<\/span><\/span> Valve<\/span> and will include little to no information on other speaking valves.<\/div>\n\n<\/div><h2 class=\"tabtitle\">Registration \/ Cost<\/h2>\n<div class=\"tabcontent\">\n\n<p>Space is limited and registrations will be accepted in the order received.<\/p>\n<p><strong>Early Bird Registration (Before September 30):<\/strong> $169.00<br \/>\n<strong>Registration (After September 30):<\/strong> $199.00<\/p>\n<p><strong>Student Registration:<\/strong> Please contact <a href=\"mailto:seminars@passymuir.com\">seminars@passymuir.com<\/a> for information.<\/p>\n<p><strong>Handouts:<\/strong> Handouts will be provided at the time of the seminar and are included in the cost of the seminar.<\/p>\n<p><strong>Cancellation policy:<\/strong> All cancellations must be in writing by October 20, 2023 at 11:59 p.m. to <a href=\"mailto:education@passymuir.com\">education@passymuir.com.<\/a>. An admin fee of 10.00 will be deducted from the refund amount. Refunds will not be granted after the start of the seminar. Cancellation of the event by Passy-Muir, Inc. will result in a full refund of monies received. Passy-Muir, Inc. is not responsible for the refund of travel or hotel expenses under any circumstances. Passy-Muir, Inc. reserves the right to cancel or change any programs for due cause. In the event of a course cancellation, participants will be notified via email &amp; contact phone number listed on the registration form. Please fill out all information on the registration form.<\/p>\n<p><strong>Assistance:<\/strong> All participants in Passy-Muir, Inc. Continuing Education Courses are entitled to an accessible, accommodating, and supportive teaching and learning environment. Please inform us of any specific needs so that we may assist you.<\/p>\n<p><strong>Questions:<\/strong> Please contact <a href=\"mailto:education@passymuir.com\">education@passymuir.com.<\/a>.<\/p>\n\n<\/div><h2 class=\"tabtitle\">Download Agenda<\/h2>\n<div class=\"tabcontent\">\n\n<p>If you would like to download a copy of our agenda, <a href=\"\/wp-content\/uploads\/2023\/09\/Adult-Seminar_Now-We-re-Talking_2023-in-person-seminar_rev.pdf\">click here<\/a><\/p>\n<\/div><\/div>","protected":false},"excerpt":{"rendered":"2023- 2024 In-Person Seminars Speaking Valve Use with Tracheostomy and Mechanical Ventilation: Now, We\u2019re Talking! Open to nursing, respiratory therapists (RT), speech-language pathologists (SLP), and any healthcare professional who works with this medically complex patient population. Date: Saturday, October 28, 2023 9:00am-5:00pm Featuring: Kristin King, PhD, CCC-SLP Corey Mohnike, BS, RRT Featured Panelists: Carmin Bartow, [&hellip;]","protected":false},"author":91,"featured_media":0,"parent":0,"menu_order":0,"comment_status":"closed","ping_status":"closed","template":"","meta":{"footnotes":""},"yst_prominent_words":[506,429,3120,4331,3087,3086,2101,444,72,193,445,442],"class_list":["post-19422","page","type-page","status-publish","hentry"],"_links":{"self":[{"href":"https:\/\/www.passy-muir.com\/es\/wp-json\/wp\/v2\/pages\/19422","targetHints":{"allow":["GET"]}}],"collection":[{"href":"https:\/\/www.passy-muir.com\/es\/wp-json\/wp\/v2\/pages"}],"about":[{"href":"https:\/\/www.passy-muir.com\/es\/wp-json\/wp\/v2\/types\/page"}],"author":[{"embeddable":true,"href":"https:\/\/www.passy-muir.com\/es\/wp-json\/wp\/v2\/users\/91"}],"replies":[{"embeddable":true,"href":"https:\/\/www.passy-muir.com\/es\/wp-json\/wp\/v2\/comments?post=19422"}],"version-history":[{"count":26,"href":"https:\/\/www.passy-muir.com\/es\/wp-json\/wp\/v2\/pages\/19422\/revisions"}],"predecessor-version":[{"id":22260,"href":"https:\/\/www.passy-muir.com\/es\/wp-json\/wp\/v2\/pages\/19422\/revisions\/22260"}],"wp:attachment":[{"href":"https:\/\/www.passy-muir.com\/es\/wp-json\/wp\/v2\/media?parent=19422"}],"wp:term":[{"taxonomy":"yst_prominent_words","embeddable":true,"href":"https:\/\/www.passy-muir.com\/es\/wp-json\/wp\/v2\/yst_prominent_words?post=19422"}],"curies":[{"name":"wp","href":"https:\/\/api.w.org\/{rel}","templated":true}]}}