{"id":22082,"date":"2025-12-22T14:39:14","date_gmt":"2025-12-22T22:39:14","guid":{"rendered":"https:\/\/www.passy-muir.com\/?page_id=22082"},"modified":"2026-01-15T13:30:35","modified_gmt":"2026-01-15T21:30:35","slug":"publications","status":"publish","type":"page","link":"https:\/\/www.passy-muir.com\/es\/publications\/","title":{"rendered":"PM Publications"},"content":{"rendered":"<div class=\"l2-header-con no-banner\">\n<div class=\"l2-header-icon\"><img decoding=\"async\" src=\"\/wp-content\/uploads\/2019\/01\/Research_Icon_2_100x100.jpg\" alt=\"products\" \/><\/div>\n<div class=\"l2-header-text test no-banner\">\n<h1 class=\"header_nobanner_nostyle\"><span class=\"pm_ws\">Passy Muir<\/span> Publications<\/h1>\n<\/div>\n<\/div>\n<div style=\"clear: both;\"><\/div>\n<p class=\"translation-block\"><span class=\"pm_ws\">Passy Muir<\/span> presenta regularmente art\u00edculos en sus\npublicaciones sobre terapias de vanguardia y la pr\u00e1ctica cl\u00ednica basada en la evidencia obtenida de los esfuerzos\nde colaboraci\u00f3n del Equipo Cl\u00ednico de <span class=\"pm_ws\">Passy Muir<\/span> e investigadores expertos y cl\u00ednicos de diferentes\ndisciplinas y entornos. Est\u00e1n destinadas a inspirar la\ndiscusi\u00f3n sobre la V\u00e1lvula <span class=\"pm_ws\">Passy Muir<\/span><sup>\u00ae<\/sup> y avance en\ntemas relacionados con el cuidado y manejo de pacientes\ncon traqueostom\u00eda y ventilaci\u00f3n mec\u00e1nica.<\/p>\n<p><strong>Interested in publishing an article with <span class=\"pm_ws\">Passy Muir<\/span>?<\/strong> We\u2019re currently looking for clinical articles on caring for patients with tracheostomies to include in our publication, <em>Salud Aerodigestiva<\/em>.<\/p>\n<p>Contact us: <a href=\"mailto:aerodigest@passymuir.com\">aerodigest@passymuir.com<\/a><\/p>\n\r\n<ul class=\"breadcrumb\">\r\n\t<li class=\"active\">RECURSOS BASADOS EN EVIDENCIA<\/li>\r\n\t<li class=\"dropdown\">\r\n\t\t<a href=\"#\" class=\"dropdown-toggle\" data-toggle=\"dropdown\">Introducci\u00f3n <b class=\"caret\"><\/b><\/a>\r\n\t\t<ul class=\"dropdown-menu\">\r\n\r\n\t\t\t<li class=\"\"><a href=\"\/es\/evidence-based-practice\/\">Pr\u00e1ctica Basada En Evidencia<\/a><\/li>\r\n\r\n\t\t\t<li class=\"\"><a href=\"\/es\/research-bibliographies\/\">Bibliograf\u00edas de Investigaci\u00f3n<\/a><\/li>\r\n\r\n\t\t\t<li class=\"\"><a href=\"\/es\/passy-muir-publications\/\">Publicaciones de Passy Muir<\/a><\/li>\r\n\r\n\t\t\t<li class=\"\"><a href=\"\/es\/product-information\/\">Informaci\u00f3n Sobre El Producto<\/a><\/li>\r\n\r\n\t\t\t<li class=\"\"><a href=\"\/es\/clinical-resources\/\">Recursos Cl\u00ednicos<\/a><\/li>\r\n\r\n\t\t<\/ul>\r\n\t<\/li>\r\n<\/ul>\r\n\n<hr>\n<div class=\"clear:both;\"><\/div>\n<div class=\"row\">\n<div class=\"col-md-3\"><img decoding=\"async\" alt=\"aerodigestive health\" class=\"shadow left_journal\" src=\"\/wp-content\/uploads\/2025\/09\/Vol_8_cover_accent.jpg\" \/><\/div>\n<div class=\"col-md-9\">\n<h3>Aerodigestive Health: 2025 Toolbox for Tracheostomy Issue<\/h3>\n<ul>\n<li><a href=\"\/wp-content\/uploads\/2025\/09\/Journal_web_rev_compressed.pdf#page=4\">Clinical Toolbox: Managing Voice, Swallowing, and Respiratory Changes for Patients with Tracheostomies and Mechanical Ventilation<\/a><\/li>\n<li><a href=\"\/wp-content\/uploads\/2025\/09\/Journal_web_rev_compressed.pdf#page=9\">RMST: A Tool for Patients with Tracheostomies<\/a><\/li>\n<li><a href=\"\/wp-content\/uploads\/2025\/09\/Journal_web_rev_compressed.pdf#page=13\">Considerations for the Use of Neuromuscular Electrical Stimulation for Patients with Tracheostomy Tubes<\/a><\/li>\n<li><a href=\"\/wp-content\/uploads\/2025\/09\/Journal_web_rev_compressed.pdf#page=20\">Lessons Learned: Introducing Phagenyx at a London-based NHS Critical Care Unit and Neurosciences Service<\/a><\/li>\n<li><a href=\"\/wp-content\/uploads\/2025\/09\/Journal_web_rev_compressed.pdf#page=26\">The Role of Tongue Strength in Swallowing<\/a><\/li>\n<li><a href=\"\/wp-content\/uploads\/2025\/09\/Journal_web_rev_compressed.pdf#page=29\">Inhalation Burn Injury: Implications for Communication and Swallowing\/a><\/li>\n<li><a href=\"\/wp-content\/uploads\/2025\/09\/Journal_web_rev_compressed.pdf#page=35\">Implementing Toolbox Ideas: A Sub-Acute Case Study<\/a><\/li>\n<li><a href=\"\/wp-content\/uploads\/2025\/09\/Journal_web_rev_compressed.pdf#page=40\">Heat Moisture Exchanger (HME) in Tracheostomy Care<\/a><\/li>\n<\/ul>\n<div><a href=\"\/wp-content\/uploads\/2025\/09\/Journal_web_rev_compressed.pdf\"><br \/>\n<span class=\"order-now-header\">View<\/span><br \/>\n<\/a><\/div>\n<\/div>\n<\/div>\n<p><!-- Ends row --><\/p>\n<div class=\"clear:both;\"><\/div>\n<div class=\"row\">\n<div class=\"col-md-3\"><img decoding=\"async\" alt=\"aerodigestive health\" class=\"shadow left_journal\" src=\"\/wp-content\/uploads\/2024\/09\/AH_Vol-7_Issue-1.jpg\" \/><\/div>\n<div class=\"col-md-9\">\n<h3>Aerodigestive Health: 2024 Complex Diagnoses Issue<\/h3>\n<ul>\n<li><a href=\"\/wp-content\/uploads\/2024\/09\/AH_vol7_issue1_rev.pdf#page=4\">Avoid Stagnation through Interprofessional Collaboration and Team Building: Transforming Care for Patients with Tracheostomy Tubes<\/a><\/li>\n<li><a href=\"\/wp-content\/uploads\/2024\/09\/AH_vol7_issue1_rev.pdf#page=8\"><span class=\"pmv_ws\"><span class=\"pm_ws\"><span class=\"pm_ws\">Passy Muir<\/span><\/span> Valve<\/span> Use and Early Mobility for the Pediatric Patient Requiring Extracorporeal Membrane Oxygenation (ECMO)<\/a><\/li>\n<li><a href=\"\/wp-content\/uploads\/2024\/09\/AH_vol7_issue1_rev.pdf#page=15\">Feeding Therapy Considerations for Rehabilitation in Infants Following Cardiac Surgery<\/a><\/li>\n<li><a href=\"\/wp-content\/uploads\/2024\/09\/AH_vol7_issue1_rev.pdf#page=21\">Incidence of Tracheostomy in the Pediatric Cardiac Patient Population<\/a><\/li>\n<li><a href=\"\/wp-content\/uploads\/2024\/09\/AH_vol7_issue1_rev.pdf#page=24\">Measuring Transtracheal Pressure During <span class=\"pmv_ws\"><span class=\"pm_ws\"><span class=\"pm_ws\">Passy Muir<\/span><\/span> Valve<\/span> Application: Impact on Patient Outcomes<\/a><\/li>\n<li><a href=\"\/wp-content\/uploads\/2024\/09\/AH_vol7_issue1_rev.pdf#page=33\">Filtration: Added Protection for Both Pediatric and Adult Patients with Tracheostomies<\/a><\/li>\n<\/ul>\n<div><a href=\"\/wp-content\/uploads\/2024\/09\/AH_vol7_issue1_rev.pdf\"><br \/>\n<span class=\"order-now-header\">View<\/span><br \/>\n<\/a><\/div>\n<\/div>\n<\/div>\n<p><!-- Ends row --><\/p>\n<div class=\"clear:both;\"><\/div>\n<div class=\"row\">\n<div class=\"col-md-3\"><img decoding=\"async\" alt=\"aerodigestive health\" class=\"shadow left_journal\" src=\"\/wp-content\/uploads\/2023\/07\/AH_vol6_issue1.jpg\" \/><\/div>\n<div class=\"col-md-9\">\n<h3>Aerodigestive Health: 2023 Dysphagia Issue<\/h3>\n<ul>\n<li><a href=\"\/wp-content\/uploads\/2023\/07\/AH_vol6_issue1.pdf#page=4\">Overview of Pediatric and Adult Tracheostomies: Considerations for Assessment and Therapeutic Interventions<\/a><\/li>\n<li><a href=\"\/wp-content\/uploads\/2023\/07\/AH_vol6_issue1.pdf#page=6\">Early Introduction of Spoon Feeding for Medically Complex Infants<\/a><\/li>\n<li><a href=\"\/wp-content\/uploads\/2023\/07\/AH_vol6_issue1.pdf#page=10\">Creating Mealtimes for Medically Complex Infants and Children with Tracheostomies<\/a><\/li>\n<li><a href=\"\/wp-content\/uploads\/2023\/07\/AH_vol6_issue1.pdf#page=14\">Assessing the Aerodigestive Tract: Why FEES\u00ae is a Crucial Piece of the Puzzle<\/a><\/li>\n<li><a href=\"\/wp-content\/uploads\/2023\/07\/AH_vol6_issue1.pdf#page=19\">Tracheostomy and Mechanical Ventilation: Managing Dysphagia in the ICU<\/a><\/li>\n<li><a href=\"\/wp-content\/uploads\/2023\/07\/AH_vol6_issue1.pdf#page=25\">Penetration, Aspiration, Pneumonia, Oh My! Palliative and Hospice Concerns in Dysphagia Management at the End of Life<\/a><\/li>\n<\/ul>\n<div><a href=\"\/wp-content\/uploads\/2023\/07\/AH_vol6_issue1.pdf\"><br \/>\n<span class=\"order-now-header\">View<\/span><br \/>\n<\/a><\/div>\n<\/div>\n<\/div>\n<p><!-- Ends row --><\/p>\n<div class=\"clear:both;\"><\/div>\n<div class=\"row\">\n<div class=\"col-md-3\"><img decoding=\"async\" alt=\"aerodigestive health\" class=\"shadow left_journal\" src=\"\/wp-content\/uploads\/2022\/10\/AH_vol5_issue2_cover.jpg\" \/><\/div>\n<div class=\"col-md-9\">\n<h3>Aerodigestive Health: 2022 Special Edition: Collection of Key Articles Issue<\/h3>\n<ul>\n<li><a href=\"\/wp-content\/uploads\/2022\/10\/AH_vol5_issue2.pdf#page=4\">Tracheostomy Tube Cuff Considerations: Purpose, Practice, and Impact<\/a><\/li>\n<li><a href=\"\/wp-content\/uploads\/2022\/10\/AH_vol5_issue2.pdf#page=7\">Impact of a Tracheostomy on Pressure: Adult and Pediatric Considerations<\/a><\/li>\n<li><a href=\"\/wp-content\/uploads\/2022\/10\/AH_vol5_issue2.pdf#page=10\"><a href=\"\/wp-content\/uploads\/2019\/01\/pm-newsletter-v6i1.pdf#page=14\">\nUso de la V\u00e1lvula de Habla durante la ventilaci\u00f3n\nmec\u00e1nica: M\u00e1s que solo para la comunicaci\u00f3n y la degluci\u00f3n<\/a><\/a><\/li>\n<li><a href=\"\/wp-content\/uploads\/2022\/10\/AH_vol5_issue2.pdf#page=14\"><a href=\"\/wp-content\/uploads\/2019\/01\/AH_2018_web_lr.pdf#page=6\">Comprensi\u00f3n del manejo de los pacientes que se someten a una desconexi\u00f3n prolongada de la ventilaci\u00f3n mec\u00e1nica: perspectivas de un pat\u00f3logo del habla y lenguaje y un m\u00e9dico respiratorio<\/a><\/a><\/li>\n<li><a href=\"\/wp-content\/uploads\/2022\/10\/AH_vol5_issue2.pdf#page=20\">Using the <span class=\"pm_ws\">Passy Muir<\/span> \u00ae Valve in Conjunction with High Flow Oxygen Therapy<\/a><\/li>\n<li><a href=\"\/wp-content\/uploads\/2022\/10\/AH_vol5_issue2.pdf#page=26\"><a href=\"\/wp-content\/uploads\/2019\/11\/AH_2019.pdf#page=4\">\nInfantes y ni\u00f1os con traqueostom\u00eda y dependencia del ventilador en las unidades de cuidados intensivos: Candidatura e intervenci\u00f3n temprana con una v\u00e1lvula de habla sin fugas y con sesgo cerrado<\/a><\/a><\/li>\n<li><a href=\"\/wp-content\/uploads\/2022\/10\/AH_vol5_issue2.pdf#page=35\">No-Leak Speaking Valves and Respiratory Muscle Training: A Perfect Pairing for Early Intervention in the ICU<\/a><\/li>\n<\/ul>\n<div><a href=\"\/wp-content\/uploads\/2022\/10\/AH_vol5_issue2.pdf\"><br \/>\n<span class=\"order-now-header\">View<\/span><br \/>\n<\/a><\/div>\n<\/div>\n<\/div>\n<p><!-- Ends row --><\/p>\n<div class=\"clear:both;\"><\/div>\n<div class=\"row\">\n<div class=\"col-md-3\"><img decoding=\"async\" alt=\"aerodigestive health\" class=\"shadow left_journal\" src=\"\/wp-content\/uploads\/2022\/03\/Cover_website.jpg\" \/><\/div>\n<div class=\"col-md-9\">\n<h3>Aerodigestive Health: 2022 Treatment Intervention Issue<\/h3>\n<ul>\n<li><a href=\"\/wp-content\/uploads\/2022\/03\/AH_vol5_issue1b.pdf#page=4\">Documenting Care of Patients with Artificial Airways<\/a><\/li>\n<li><a href=\"\/wp-content\/uploads\/2022\/03\/AH_vol5_issue1b.pdf#page=11\">Impact of an Interdisciplinary Tracheostomy Team<\/a><\/li>\n<li><a href=\"\/wp-content\/uploads\/2022\/03\/AH_vol5_issue1b.pdf#page=16\">Tracheostomy Teams Facilitate Early Therapeutic Interventions <\/a><\/li>\n<li><a href=\"\/wp-content\/uploads\/2022\/03\/AH_vol5_issue1b.pdf#page=18\">Case Study: Helping a Patient Regain Muscle Strength while Weaning from Mechanical Ventilation<\/a><\/li>\n<li><a href=\"\/wp-content\/uploads\/2022\/03\/AH_vol5_issue1b.pdf#page=24\">No-Leak Speaking Valves and Respiratory Muscle Training<\/a><\/li>\n<li><a href=\"\/wp-content\/uploads\/2022\/03\/AH_vol5_issue1b.pdf#page=30\">A Conscious Approach to Decannulation: Clinical Application of <span class=\"pm_ws\"><span class=\"pm_ws\">Passy Muir<\/span><\/span><sup>\u00ae<\/sup> Valves with Disorders of Consciousness<\/a><\/li>\n<li><a href=\"\/wp-content\/uploads\/2022\/03\/AH_vol5_issue1b.pdf#page=35\">Aerodigestive Changes for Swallowing and Feeding in the NICU<\/a><\/li>\n<li><a href=\"\/wp-content\/uploads\/2022\/03\/AH_vol5_issue1b.pdf#page=43\">Real Talk: Problem-Solving <span class=\"pm_ws\"><span class=\"pm_ws\">Passy Muir<\/span><\/span><sup>\u00ae<\/sup> Valve Use in the Pediatric Population<\/a><\/li>\n<\/ul>\n<div><a href=\"\/wp-content\/uploads\/2022\/03\/AH_vol5_issue1b.pdf\"><br \/>\n<span class=\"order-now-header\">View<\/span><br \/>\n<\/a><\/div>\n<\/div>\n<\/div>\n<p>\n<!-- Ends row --><\/p>\n<div class=\"clear:both;\"><\/div>\n<div class=\"row\">\n<div class=\"col-md-3\"><img decoding=\"async\" alt=\"aerodigestive health\" class=\"shadow left_journal\" src=\"\/wp-content\/uploads\/2021\/06\/AH_cover_website_2.png\" \/><\/div>\n<div class=\"col-md-9\">\n<h3>Aerodigestive Health: 2021 COVID-19 Ethical Considerations Issue<\/h3>\n<ul>\n<li><a href=\"\/wp-content\/uploads\/2021\/05\/AH_vol4_issue1-1.pdf#page=4\">Communication Related to Quality of Life in the Patient with a Tracheostomy<\/a><\/li>\n<li><a href=\"\/wp-content\/uploads\/2021\/05\/AH_vol4_issue1-1.pdf#page=8\">Facing COVID-19: From the Perspective of Two Physician Assistants<\/a><\/li>\n<li><a href=\"\/wp-content\/uploads\/2021\/05\/AH_vol4_issue1-1.pdf#page=14\">The Ethics and Essentiality of Speaking and Swallowing During COVID-19: Lessons Learned on the Frontline<\/a><\/li>\n<li><a href=\"\/wp-content\/uploads\/2021\/05\/AH_vol4_issue1-1.pdf#page=20\">Difficulties and Challenges with Severe Illness Following COVID-19: A Case Study<\/a><\/li>\n<li><a href=\"\/wp-content\/uploads\/2021\/05\/AH_vol4_issue1-1.pdf#page=26\">Insights From an Interprofessional Post-COVID-19 Rehabilitation Unit: A Speech and Language Therapy and Respiratory Medicine Perspective<\/a><\/li>\n<li><a href=\"\/wp-content\/uploads\/2021\/05\/AH_vol4_issue1-1.pdf#page=30\">Evolving Ethical Conversations in Speech-Language Pathology<\/a><\/li>\n<li><a href=\"\/wp-content\/uploads\/2021\/05\/AH_vol4_issue1-1.pdf#page=34\">Ethical Considerations with Patients Following Tracheostomy: A Respiratory Therapy Consideration<\/a><\/li>\n<\/ul>\n<div><a href=\"\/wp-content\/uploads\/2021\/05\/AH_vol4_issue1-1.pdf\"><br \/>\n<span class=\"order-now-header\">View<\/span><br \/>\n<\/a><\/div>\n<\/div>\n<\/div>\n<p><!-- Ends row --><\/p>\n<div class=\"clear:both;\"><\/div>\n<div class=\"row\">\n<div class=\"col-md-3\"><img decoding=\"async\" alt=\"aerodigestive health\" class=\"shadow left_journal\" src=\"\/wp-content\/uploads\/2019\/11\/AH2019_website.jpg\" \/><\/div>\n<div class=\"col-md-9\">\n<h3>Aerodigestive Health: Fall 2019 Protocol Issue<\/h3>\n<ul>\n<li><a href=\"\/es\/journal-3-1-dependence\/\"><a href=\"\/wp-content\/uploads\/2019\/11\/AH_2019.pdf#page=4\">\nInfantes y ni\u00f1os con traqueostom\u00eda y dependencia del ventilador en las unidades de cuidados intensivos: Candidatura e intervenci\u00f3n temprana con una v\u00e1lvula de habla sin fugas y con sesgo cerrado<\/a><\/a><\/li>\n<li><a href=\"\/es\/journal-3-1-protocol-transitioning\/\"><a href=\"\/wp-content\/uploads\/2019\/11\/AH_2019.pdf#page=13\">De la ICU a la atenci\u00f3n domiciliaria: un protocolo para la transici\u00f3n<\/a><\/a><\/li>\n<li><a href=\"\/es\/journal-3-1-complex-care\/\"><a href=\"\/wp-content\/uploads\/2019\/11\/AH_2019.pdf#page=15\">Brindar cuidados complejos para ni\u00f1os complejos: un enfoque multidisciplinario<\/a><\/a><\/li>\n<li><a href=\"\/es\/journal-3-1-improving-communication\/\"><a href=\"\/wp-content\/uploads\/2019\/11\/AH_2019.pdf#page=18\">\nLos protocolos ayudan a mejorar la comunicaci\u00f3n de los pacientes con traqueotom\u00eda y dependencia del ventilador<\/a><\/a><\/li>\n<li><a href=\"\/es\/journal-3-1-patient-outcomes\/\"><a href=\"\/wp-content\/uploads\/2019\/11\/AH_2019.pdf#page=21\">Tener protocolos de uso cl\u00ednico para mejorar los resultados de los pacientes<\/a><\/a><\/li>\n<li class=\"translation-block\"><a href=\"\/wp-content\/uploads\/2019\/11\/AH_2019.pdf#page=24\">Uso de la v\u00e1lvula <span class=\"pm_ws\"><span class=\"pm_ws\">Passy Muir<\/span><\/span><sup>\u00ae<\/sup> junto con la terapia de ox\u00edgeno de alto flujo<\/a><\/li>\n<li class=\"translation-block\"><a href=\"\/wp-content\/uploads\/2019\/11\/AH_2019.pdf#page=30\">El papel de las presiones en la degluci\u00f3n y Impacto de la V\u00e1lvula <span class=\"pm_ws\"><span class=\"pm_ws\">Passy Muir<\/span><\/span><sup>\u00ae<\/sup><\/a><\/li>\n<li class=\"translation-block\"><a href=\"\/wp-content\/uploads\/2019\/11\/AH_2019.pdf#page=34\">Relevancia cl\u00ednica de las v\u00edas sensitivomotoras en el tratamiento de la disfagia despu\u00e9s de la traqueostom\u00eda<\/a><\/li>\n<\/ul>\n<div><a href=\"\/wp-content\/uploads\/2019\/11\/AH_2019.pdf\"><br \/>\n<span class=\"order-now-header\">View<\/span><br \/>\n<\/a><\/div>\n<\/div>\n<\/div>\n<p><!-- Ends row --><\/p>\n<div class=\"row\">\n<div class=\"col-md-3\"><img decoding=\"async\" alt=\"aerodigestive health 2018\" class=\"shadow left_journal\" src=\"\/wp-content\/uploads\/2019\/01\/AH_2018_215x278.jpg\" \/><\/div>\n<div class=\"col-md-9\">\n<h3>Salud aerodigestiva: Oto\u00f1o 2018 Edici\u00f3n internacional<\/h3>\n<ul>\n<li><a href=\"\/es\/journal-2-1-ethical\/\"><a href=\"\/wp-content\/uploads\/2019\/01\/AH_2018_web_lr.pdf#page=4\">\nImpacto en el cuidado del paciente y consideraciones\n\u00e9ticas<\/a><\/a><\/li>\n<li><a href=\"\/es\/journal-2-1-management\/\">Comprensi\u00f3n del manejo de los pacientes que\nexperimentan una desconexi\u00f3n prolongada de la\nventilaci\u00f3n mec\u00e1nica<\/a><\/li>\n<li><a href=\"\/es\/journal-2-1-trach-tube-cuff\/\"><a href=\"\/wp-content\/uploads\/2019\/01\/AH_2018_web_lr.pdf#page=12\">Manguito para tubo de traqueostom\u00eda: Prop\u00f3sito y\npr\u00e1ctica a trav\u00e9s del manejo en equipo<\/a><\/a><\/li>\n<li><a href=\"\/es\/journal-2-1-complications-management\/\">Manejo de complicaciones despu\u00e9s de SCI y el rol de los pat\u00f3logos del habla-lenguaje en un equipo multidisciplinario<\/a><\/li>\n<li class=\"translation-block\"><a href=\"\/wp-content\/uploads\/2019\/01\/AH_2018_web_lr.pdf#page=20\">Terapia de ox\u00edgeno de alto flujo y la PMV<sup>\u00ae<\/sup><\/a><\/li>\n<li class=\"translation-block\"><a href=\"\/wp-content\/uploads\/2019\/01\/AH_2018_web_lr.pdf#page=22\">Art\u00edculos que representan investigaciones internacionales\nsobre traqueostom\u00eda, ventilaci\u00f3n mec\u00e1nica y V\u00e1lvulas <span class=\"pm_ws\">Passy Muir<\/span><sup>\u00ae<\/span><\/a><\/li>\n<\/ul>\n<div><a href=\"\/wp-content\/uploads\/2019\/01\/AH_2018_web_lr.pdf\"><br \/>\n<span class=\"order-now-header\">View<\/span><br \/>\n<\/a><\/div>\n<\/div>\n<\/div>\n<p><!-- Ends row --><\/p>\n<div class=\"clear:both;\"><\/div>\n<div class=\"row\">\n<div class=\"col-md-3\"><img decoding=\"async\" alt=\"aerodigestive health\" class=\"shadow left_journal\" src=\"\/wp-content\/uploads\/2019\/01\/Aerodigestive-Health_2017_215x278.jpg\" \/><\/div>\n<div class=\"col-md-9\">\n<h3>Aerodigestive Health: Fall 2017 Pediatric Issue<\/h3>\n<ul>\n<li><a href=\"\/wp-content\/uploads\/2016\/08\/Aerodigestive-Health_compressed.pdf#page=4\">Physicians\u2019 Corner<\/li>\n<li class=\"translation-block\"><a href=\"\/wp-content\/uploads\/2016\/08\/Aerodigestive-Health_compressed.pdf#page=6\">\nConsideraciones para la Evaluaci\u00f3n de Candidatura a\nPMV<sup>\u00ae<\/sup> en la poblaci\u00f3n pedi\u00e1trica<\/a><\/li>\n<li><a href=\"\/es\/journal-1-1-casestudy\/\"><a href=\"\/wp-content\/uploads\/2016\/08\/Aerodigestive-Health_compressed.pdf#page=14\">\nClaves para el \u00e9xito: Un caso de estudio de Terapia Respiratoria Pedi\u00e1trica<\/a><\/a><\/li>\n<li><a href=\"\/wp-content\/uploads\/2016\/08\/Aerodigestive-Health_compressed.pdf#page=20\">Hot Topic Box: Movilidad y estabilidad postural<\/a><\/li>\n<li><a href=\"\/es\/talkmuir-6-1-current-research\/\">Investigaciones actuales relacionadas con el uso de la v\u00e1lvula de habla en la poblaci\u00f3n pedi\u00e1trica<\/a><\/li>\n<\/ul>\n<div><a href=\"\/wp-content\/uploads\/2016\/08\/Aerodigestive-Health_compressed.pdf\"><br \/>\n<span class=\"order-now-header\">View<\/span><br \/>\n<\/a><\/div>\n<\/div>\n<\/div>\n<p><!-- Ends row --><\/p>\n<div class=\"clear:both;\"><\/div>\n<div class=\"row\">\n<div class=\"col-md-3\"><img decoding=\"async\" alt=\"talk muir fall 2021\" class=\"shadow left_journal\" src=\"\/wp-content\/uploads\/2021\/10\/Talk-Muir_Fall_2021.jpg\" \/><\/div>\n<div class=\"col-md-9\">\n<h3>Talk-Muir: 2021 Mechanical Ventilation Issue<\/h3>\n<ul>\n<li><a href=\"\/wp-content\/uploads\/2021\/10\/Talk-Muir-Vol-10-Issue-1_web.pdf#page=2\">Patient Spotlight- Onward: An Ability to Persevere and Overcome The Story of a <span class=\"pm_ws\"><span class=\"pm_ws\">Passy Muir<\/span><\/span><sup>\u00ae<\/sup> Valve User<\/a><\/li>\n<li><a href=\"\/wp-content\/uploads\/2021\/10\/Talk-Muir-Vol-10-Issue-1_web.pdf#page=6\">Announcing Three New Centers of Excellence<\/a><\/li>\n<li><a href=\"\/wp-content\/uploads\/2021\/10\/Talk-Muir-Vol-10-Issue-1_web.pdf#page=11\">Challenges and Triumphs:<br \/>\nPerspectives on a Career as a Respiratory Therapist<\/a><\/li>\n<li><a href=\"\/wp-content\/uploads\/2021\/10\/Talk-Muir-Vol-10-Issue-1_web.pdf#page=16\">Remote Live In-services 2021<\/a><\/li>\n<\/ul>\n<div><a href=\"\/wp-content\/uploads\/2021\/10\/Talk-Muir-Vol-10-Issue-1_web.pdf\"><br \/>\n<span class=\"order-now-header\">View<\/span><br \/>\n<\/a><\/div>\n<\/div>\n<\/div>\n<p><!-- Ends row --><\/p>\n<div class=\"clear:both;\"><\/div>\n<div class=\"row\">\n<div class=\"col-md-3\"><img decoding=\"async\" alt=\"talk muir fall 2016\" class=\"shadow left_journal\" src=\"\/wp-content\/uploads\/2019\/07\/talkmuir_2019_web2.jpg\" \/><\/div>\n<div class=\"col-md-9\">\n<h3>Talk-Muir: 2019 Issue<\/h3>\n<ul>\n<li><a href=\"\/wp-content\/uploads\/2019\/08\/pm-newsletter-v9i1.pdf#page=2\">Patient Spotlight: Living Life as Loa<\/a><\/li>\n<li><a href=\"\/wp-content\/uploads\/2019\/08\/pm-newsletter-v9i1.pdf#page=5\">Announcing Three New Centers of Excellence<\/a><\/li>\n<li><a href=\"\/wp-content\/uploads\/2019\/08\/pm-newsletter-v9i1.pdf#page=9\">Meet Our New Consultants<\/a><\/li>\n<li><a href=\"\/wp-content\/uploads\/2019\/08\/pm-newsletter-v9i1.pdf#page=10\">Watch One &#8211; Do One &#8211; Teach One: <span class=\"pm_ws\">Passy Muir<\/span> Education in 2019<\/a><\/li>\n<li><a href=\"\/wp-content\/uploads\/2019\/08\/pm-newsletter-v9i1.pdf#page=12\">Convention Highlights<\/a><\/li>\n<\/ul>\n<div><a href=\"\/wp-content\/uploads\/2019\/08\/pm-newsletter-v9i1.pdf\"><br \/>\n<span class=\"order-now-header\">View<\/span><br \/>\n<\/a><\/div>\n<\/div>\n<\/div>\n<p><!-- Ends row --><\/p>\n<div class=\"clear:both;\"><\/div>\n<div class=\"row\">\n<div class=\"col-md-3\"><img decoding=\"async\" alt=\"talk muir fall 2019\" class=\"shadow left_journal\" src=\"\/wp-content\/uploads\/2019\/01\/TalkMuir_Fall_2016_215x278.jpg\" \/><\/div>\n<div class=\"col-md-9\">\n<h3>Talk-Muir: 2016 Mechanical Ventilation Issue<\/h3>\n<ul>\n<li><a href=\"\/wp-content\/uploads\/2019\/01\/pm-newsletter-v6i1.pdf#page=4\">Physician\u2019s Corner<\/a><\/li>\n<li><a href=\"\/wp-content\/uploads\/2019\/01\/pm-newsletter-v6i1.pdf#page=6\">Evidence Based Support for Using a PMV In-line with Mechanical Ventilation<\/a><\/li>\n<li><a href=\"\/wp-content\/uploads\/2019\/01\/pm-newsletter-v6i1.pdf#page=10\">Effects of PMV In-line with Mechanical Ventilation on Communication and Swallowing<\/a><\/li>\n<li><a href=\"\/wp-content\/uploads\/2019\/01\/pm-newsletter-v6i1.pdf#page=14\">Speaking Valve Use During Mechanical<br \/>\nVentilation: More than Just for Communication and Swallowing<\/a><\/li>\n<li><a href=\"\/wp-content\/uploads\/2019\/01\/pm-newsletter-v6i1.pdf#page=18\">Clinical Hot Topic: Ventilator-Associated Pneumonia (VAP)<\/a><\/li>\n<li><a href=\"\/wp-content\/uploads\/2019\/01\/pm-newsletter-v6i1.pdf#page=19\"><a href=\"\/wp-content\/uploads\/2019\/01\/pm-newsletter-v6i1.pdf#page=19\">\nInvestigaci\u00f3n actual relacionada con la ventilaci\u00f3n mec\u00e1nica y el uso de V\u00e1lvulas de Hablas<\/a><\/a><\/li>\n<\/ul>\n<div><a href=\"\/wp-content\/uploads\/2019\/01\/pm-newsletter-v6i1.pdf\"><br \/>\n<span class=\"order-now-header\">View<\/span><br \/>\n<\/a><\/div>\n<\/div>\n<\/div>\n<p><!-- Ends row --><\/p>","protected":false},"excerpt":{"rendered":"<span class=\"pm_ws\">Passy Muir<\/span> Publications <span class=\"pm_ws\">Passy Muir<\/span> regularly features articles in its publications on cutting-edge therapies and evidence-based clinical practice drawn from the collaborative efforts of the\u00a0<span class=\"pm_ws\">Passy Muir<\/span>\u00a0Clinical Team and expert researchers and clinicians from different disciplines and settings. They are intended to inspire discussion about the\u00a0<span class=\"pm_ws\"><span class=\"pm_ws\">Passy Muir<\/span><\/span><sup>\u00ae<\/sup>\u00a0Valve and advancement in issues related to the care and [&hellip;]","protected":false},"author":91,"featured_media":0,"parent":0,"menu_order":0,"comment_status":"closed","ping_status":"closed","template":"","meta":{"footnotes":""},"yst_prominent_words":[],"class_list":["post-22082","page","type-page","status-publish","hentry"],"_links":{"self":[{"href":"https:\/\/www.passy-muir.com\/es\/wp-json\/wp\/v2\/pages\/22082","targetHints":{"allow":["GET"]}}],"collection":[{"href":"https:\/\/www.passy-muir.com\/es\/wp-json\/wp\/v2\/pages"}],"about":[{"href":"https:\/\/www.passy-muir.com\/es\/wp-json\/wp\/v2\/types\/page"}],"author":[{"embeddable":true,"href":"https:\/\/www.passy-muir.com\/es\/wp-json\/wp\/v2\/users\/91"}],"replies":[{"embeddable":true,"href":"https:\/\/www.passy-muir.com\/es\/wp-json\/wp\/v2\/comments?post=22082"}],"version-history":[{"count":29,"href":"https:\/\/www.passy-muir.com\/es\/wp-json\/wp\/v2\/pages\/22082\/revisions"}],"predecessor-version":[{"id":22147,"href":"https:\/\/www.passy-muir.com\/es\/wp-json\/wp\/v2\/pages\/22082\/revisions\/22147"}],"wp:attachment":[{"href":"https:\/\/www.passy-muir.com\/es\/wp-json\/wp\/v2\/media?parent=22082"}],"wp:term":[{"taxonomy":"yst_prominent_words","embeddable":true,"href":"https:\/\/www.passy-muir.com\/es\/wp-json\/wp\/v2\/yst_prominent_words?post=22082"}],"curies":[{"name":"wp","href":"https:\/\/api.w.org\/{rel}","templated":true}]}}