{"id":601,"date":"2017-05-05T15:47:34","date_gmt":"2017-05-05T15:47:34","guid":{"rendered":"http:\/\/localhost:8080\/mywordpress\/education\/"},"modified":"2026-04-01T13:10:58","modified_gmt":"2026-04-01T20:10:58","slug":"education","status":"publish","type":"page","link":"https:\/\/www.passy-muir.com\/es\/education\/","title":{"rendered":"Educaci\u00f3n"},"content":{"rendered":"<div class=\"slideshowContainer\"><img decoding=\"async\" style=\"vertical-align: bottom;\" src=\"\/wp-content\/uploads\/2017\/07\/branding_bar_top_new.jpg\" alt=\"passy muir branding bar\" width=\"100%\" height=\"20px\" \/><\/div>\n<section id=\"block-block-92\" class=\"block block-block clearfix\"><\/section>\n<div class=\"l2-header-con banner\">\n<div class=\"l2-header-icon\"><img decoding=\"async\" src=\"\/wp-content\/uploads\/2019\/01\/Education_100x100.jpg\" alt=\"products\" \/><\/div>\n<div class=\"l2-header-text\">\n<h1 class=\"header_nobanner_nostyle\">Education &amp; CEUs<\/h1>\n<\/div>\n<\/div>\n<div style=\"clear: both;\"><\/div>\n<div class=\"section_descl2\">\n<p>Passy-Muir, Inc. is committed to improving the quality of life of patients with tracheostomies and ventilator-dependence. All of <span class=\"pm_ws\">Passy Muir<\/span>\u2019s education is offered for continuing education credits.<\/p>\n<div class=\"row\">\n<h2 class=\"col-sm-12\">Free Remote Live &#038; Recorded In-Service Webinars<\/h2>\n<\/div>\n<div class=\"row\">\n<div class=\"col-sm-3\"><a href=\"\/es\/remote-live-inservices\/\"><img decoding=\"async\" class=\"left_img\" src=\"\/wp-content\/uploads\/2020\/03\/RLI_alt.jpg\" alt=\"Passy Muir Remote Live &#038; Recorded In-service Webinars\" \/><\/a><\/div>\n<div class=\"col-sm-9\">\n<p><span class=\"pm_ws\">Passy Muir<\/span> is offering free Remote Live In-Service and Recorded Webinars in order to get our education out to those who need it quickly and conveniently. We are pleased to assist you with maintaining the requirements for your certifications and licensures through free continuing education. The live courses are offered through a remote live in-service format, from which you get both the education and time to speak to a clinician with your questions. View the weekly meeting schedule by clicking the button below, or contact us to schedule one.<\/p>\n<div><a href=\"\/es\/remote-live-inservices\/\"><br \/>\n<span class=\"order-now-header\">Aprende M\u00e1s \u2013 Servicios en vivo a trav\u00e9s de Zoom<\/span><br \/>\n<\/a><\/div>\n<\/div>\n<\/div>\n<hr \/>\n<div class=\"row\">\n<h2 class=\"col-sm-12 margin\">Seminarios En L\u00ednea de Autoaprendizaje Gratuitos<\/h2>\n<\/div>\n<div class=\"row\">\n<div class=\"col-sm-3\"><a href=\"\/es\/ceu\/\"><img decoding=\"async\" class=\"left_img\" src=\"\/wp-content\/uploads\/2019\/05\/CEUs-Keyboard.jpg\" alt=\"ceus from Passy Muir\" \/><\/a><\/div>\n<div class=\"col-sm-9\">\n<p class=\"translation-block\">Passy-Muir\u00ae ofrece actualmente una amplia selecci\u00f3n de cursos de autoaprendizaje gratuitos basados en la web que cubren conceptos b\u00e1sicos y avanzados para la evaluaci\u00f3n y aplicaci\u00f3n de la v\u00e1lvula <span class=\"pm_ws\"><span class=\"pm_ws\">Passy Muir<\/span><\/span><sup>\u00ae<\/sup>. Estos cursos sirven como una excelente introducci\u00f3n y brindan un nivel b\u00e1sico de conocimiento y ser\u00e1n \u00fatiles para su equipo en caso de que aprovechen la educaci\u00f3n m\u00e1s avanzada proporcionada durante una visita in situ.<\/p>\n<div><a href=\"\/es\/ceu\/\"><br \/>\n<span class=\"order-now-header\">Aprende M\u00e1s \u2013 Seminarios En L\u00ednea de Autoaprendizaje Gratuitos<\/span><br \/>\n<\/a><\/div>\n<\/div>\n<\/div>\n<hr \/>\n<div class=\"row\">\n<h2 class=\"col-sm-12\">Seminarios<\/h2>\n<\/div>\n<div class=\"row\">\n<div class=\"col-sm-3\"><a href=\"\/es\/seminars\/\"><img decoding=\"async\" class=\"left_img\" src=\"\/wp-content\/uploads\/2019\/01\/Hands-on-Seminars_263x263.jpg\" alt=\"Passy Muir seminars\" \/><\/a><\/div>\n<div class=\"col-sm-9\">\n<p>Designed to provide clinical information regarding the basics of a tracheostomy, including the physiologic impact of tracheostomy on a patient\u2019s respiratory, speech, and swallowing functions, these live events feature step-by-step strategies for assessment and application of a no-leak speaking Valve to restore communication, improve swallowing and secretion management. Offered for CEU credit, these comprehensive workshops provide detailed information about tracheostomy, and feature hands-on learning, case studies, videos and group discussion.<\/p>\n<div><a href=\"\/es\/seminars\/\"><br \/>\n<span class=\"order-now-header\">Aprende M\u00e1s \u2013 Seminarios<\/span><br \/>\n<\/a><\/div>\n<\/div>\n<\/div>\n<hr \/>\n<div class=\"row\">\n<h2 class=\"col-sm-12\">Workshops<\/h2>\n<\/div>\n<div class=\"row\">\n<div class=\"col-sm-3\"><a href=\"\/es\/virtual-workshops-seminars\/\"><img decoding=\"async\" class=\"left_img\" src=\"\/wp-content\/uploads\/2023\/11\/Workshops-Icon.png\" alt=\"Passy Muir workshops\" \/><\/a><\/div>\n<div class=\"col-sm-9\">\n<p>Workshops are special courses that provide more intensive learning on specific topics related to the care of patients with tracheostomies and who are to be assessed for Passy-Muir Valve use. They are 3-hour intensive courses that focus on a specific topic, such as mechanical ventilation, ethics, dysphagia, or others, and provided by a Clinical Specialist. Our workshops are interactive and allow time for Q&amp;A. They cover the topics in depth and present the research that supports any guidance or recommendations provided in the workshop.<\/p>\n<div><a href=\"\/es\/virtual-workshops-seminars\/\"><br \/>\n<span class=\"order-now-header\">Learn More &#8211; Workshops<\/span><br \/>\n<\/a><\/div>\n<\/div>\n<\/div>\n<hr \/>\n<div class=\"row\">\n<h2 class=\"col-sm-12\">Podcast<\/h2>\n<\/div>\n<div class=\"row\">\n<div class=\"col-sm-3\"><a href=\"\/es\/podcast\/\"><img decoding=\"async\" class=\"left_img\" src=\"\/wp-content\/uploads\/2026\/04\/Podcast-icon-263x263-1.png\" alt=\"Podcast CEUs from Passy Muir\" \/><\/a><\/div>\n<div class=\"col-sm-9\">\n<p>From dysphagia to speaking Valve use, each episode will build on your clinical knowledge and provide support for working with this patient population. Determining evidence-based assessments and interventions can be daunting. The Conversations on Aerodigestive Management Podcast, brought to you by Passy-Muir, provides listeners with clinical perspectives and cutting-edge research to address specific questions related to the clinical management of patients with aerodigestive health issues.<\/p>\n<div><a href=\"\/es\/podcast\/\"><br \/>\n<span class=\"order-now-header\">Learn More &#8211; Podcast<\/span><br \/>\n<\/a><\/div>\n<\/div>\n<\/div>\n<hr \/>\n<div class=\"row\">\n<h2 class=\"col-sm-12\">In-Services\/ Group Webinars<\/h2>\n<\/div>\n<div class=\"row\">\n<div class=\"col-sm-3\"><a href=\"\/es\/inservice\/\"><img decoding=\"async\" class=\"left_img\" src=\"\/wp-content\/uploads\/2024\/03\/CoreyM.jpg\" alt=\"learn about Passy Muir inservices\" \/><\/a><\/div>\n<div class=\"col-sm-9\">\n<p>Las capacitaciones in-situ comienzan con una\npresentaci\u00f3n sobre los beneficios y la aplicaci\u00f3n de la\nV\u00e1lvula Passy Muir\u00ae. Revisamos la fisiolog\u00eda del tracto\naerodigestivo superior, incluido el impacto de una\ntraqueostom\u00eda en la comunicaci\u00f3n, la degluci\u00f3n y m\u00e1s.\nLos servicios internos tambi\u00e9n brindan informaci\u00f3n sobre\nlos muchos beneficios cl\u00ednicos basados en la evidencia de\nla V\u00e1lvula Passy Muir\u00ae, incluido el impacto positivo en la\ncomunicaci\u00f3n, las mejoras con la degluci\u00f3n, el retorno del\nolfato y el gusto, la gesti\u00f3n mejorada de las secreciones y\nla decanulaci\u00f3n y desconexi\u00f3n gradual del ventilador m\u00e1s\ntemprano. Para obtener m\u00e1s informaci\u00f3n sobre lo que\nproporcionamos y c\u00f3mo tener una capacitaci\u00f3n in-situ en\nsus instalaciones, haga clic en el siguiente enlace. <span class=\"pm_ws\">Passy Muir<\/span><sup>\u00ae<\/sup> Valve. We review the physiology of the upper aerodigestive tract, including the impact of a tracheostomy on communication, swallowing, and more. The in-services also provide information on the many evidence-based, clinical benefits of the <span class=\"pm_ws\"><span class=\"pm_ws\">Passy Muir<\/span><\/span><sup>\u00ae<\/sup> Valve, including the positive impact on communication, improvements with swallowing, return of smell and taste, improved secretion management, and earlier decannulation and weaning. To learn more about what we provide and how to have an in-service for your facility, click on the link below.<\/p>\n<div><a href=\"\/es\/inservice\/\"><br \/>\n<span class=\"order-now-header\">Aprende M\u00e1s \u2013 Formaci\u00f3n<\/span><br \/>\n<\/a><\/div>\n<\/div>\n<\/div>\n<hr \/>\n<div class=\"row ceu_row\">\n<div class=\"col-md-3 col-sm-3 text-center\"><img decoding=\"async\" style=\"max-width: 250px; padding: 10px 24px;\" src=\"\/wp-content\/uploads\/2022\/05\/ASHA-Brand-Block_vert.jpg\" alt=\"ASHA brand block\" \/><\/div>\n<div class=\"col-md-9 col-sm-9\">\n<p class=\"font20\">Passy-Muir, Inc. est\u00e1 aprobada por la Junta Continua de\nla Asociaci\u00f3n Estadounidense de Audici\u00f3n-Habla-\nLenguaje (ASHA) para proporcionar actividades de\neducaci\u00f3n continua en patolog\u00eda del habla-lenguaje y\naudiolog\u00eda.<\/p>\n<\/div>\n<\/div>\n<div class=\"row ceu_row\">\n<div class=\"col-md-3 col-sm-3 text-center\"><img decoding=\"async\" style=\"max-width: 120px; padding: 10px 24px;\" src=\"\/wp-content\/uploads\/2017\/05\/AARC_0.jpg\" alt=\"AARC\" \/><\/div>\n<div class=\"col-md-9 col-sm-9\">\n<p class=\"font20\">Passy-Muir, Inc. es un proveedor aprobado de educaci\u00f3n\ncontinua por el sistema de Educaci\u00f3n Continua de\nCuidado Respiratorio (CRCE) de la Asociaci\u00f3n Americana\nde Cuidado Respiratorio (AARC).<\/p>\n<\/div>\n<\/div>\n<div class=\"row ceu_row\">\n<div class=\"col-md-3 col-sm-3 text-center\"><img decoding=\"async\" style=\"max-width: 120px; padding: 10px 24px;\" src=\"\/wp-content\/uploads\/2017\/05\/brn_2_10.jpg\" alt=\"CBRN logo\" \/><\/div>\n<div class=\"col-md-9 col-sm-9\">\n<p class=\"font20\">Passy-Muir, Inc. es un proveedor aprobado de educaci\u00f3n\ncontinua por la Junta de Enfermer\u00eda Registrada de\nCalifornia (Proveedor #CEP112390).<\/p>\n<\/div>\n<\/div>\n<p class=\"font20\">Por favor revise las sesiones educativas individuales para\nconocer la cantidad de Cr\u00e9ditos de Educaci\u00f3n Continua\naprobados.<\/p>\n<\/div>\n<hr \/>\n<h2>CE Policies<\/h2>\n<p class=\"font20\">\n<a href=\"\/wp-content\/uploads\/2025\/06\/PM-CE-WEBSITE-PRIVACY-POLICY.pdf\">Website Privacy Policy<\/a><br \/>\n<a href=\"\/wp-content\/uploads\/2025\/06\/PM-CE-TERMS-OF-USE.pdf\">T\u00e9rminos de uso<\/a><br \/>\n<a href=\"\/wp-content\/uploads\/2025\/06\/PM-CE-PROFESSIONAL-CONDUCT-NO-DISCRIMINATION-POLICY.pdf\">Professional Conduct Nondiscrimination Policy<\/a><br \/>\n<a href=\"\/wp-content\/uploads\/2025\/06\/PM-CE-ACCOMMODATIONS-POLICY.pdf\">Accommodations Policy<\/a><br \/>\n<a href=\"\/wp-content\/uploads\/2025\/06\/PM-CE-COMPLAINT-POLICY.pdf\">Compliant Policy<\/a><br \/>\n<a href=\"\/wp-content\/uploads\/2025\/06\/PM-CE-COMPLAINT-FORM-1.pdf\">Complaint Form<\/a><br \/>\n<a href=\"\/wp-content\/uploads\/2025\/06\/PM-CE-REFUND-POLICY.pdf\">Pol\u00edtica de Reembolso<\/a><br \/>\n<a href=\"\/wp-content\/uploads\/2025\/06\/PM-CE-INTELLECTUAL-PROPERTY-POLICY.pdf\">Intellectual Property Policy<\/a>\n<\/p>\n<p>To contact Passy-Muir or a clinical specialist with questions, please email <a href=\"mailto:info@passymuir.com\">info@passymuir.com<\/a><\/p>","protected":false},"excerpt":{"rendered":"Education &amp; CEUs Passy-Muir, Inc. is committed to improving the quality of life of patients with tracheostomies and ventilator-dependence. All of <span class=\"pm_ws\">Passy Muir<\/span>\u2019s education is offered for continuing education credits. Free Remote Live &#038; Recorded In-Service Webinars <span class=\"pm_ws\">Passy Muir<\/span> is offering free Remote Live In-Service and Recorded Webinars in order to get our education out [&hellip;]","protected":false},"author":6,"featured_media":585,"parent":0,"menu_order":0,"comment_status":"closed","ping_status":"closed","template":"","meta":{"footnotes":""},"yst_prominent_words":[188,187,2304,194,56,204,4651,4648,4650,72,191,193,1964,196,189,4053,4079,4649,195,190],"class_list":["post-601","page","type-page","status-publish","has-post-thumbnail","hentry"],"_links":{"self":[{"href":"https:\/\/www.passy-muir.com\/es\/wp-json\/wp\/v2\/pages\/601","targetHints":{"allow":["GET"]}}],"collection":[{"href":"https:\/\/www.passy-muir.com\/es\/wp-json\/wp\/v2\/pages"}],"about":[{"href":"https:\/\/www.passy-muir.com\/es\/wp-json\/wp\/v2\/types\/page"}],"author":[{"embeddable":true,"href":"https:\/\/www.passy-muir.com\/es\/wp-json\/wp\/v2\/users\/6"}],"replies":[{"embeddable":true,"href":"https:\/\/www.passy-muir.com\/es\/wp-json\/wp\/v2\/comments?post=601"}],"version-history":[{"count":44,"href":"https:\/\/www.passy-muir.com\/es\/wp-json\/wp\/v2\/pages\/601\/revisions"}],"predecessor-version":[{"id":22449,"href":"https:\/\/www.passy-muir.com\/es\/wp-json\/wp\/v2\/pages\/601\/revisions\/22449"}],"wp:featuredmedia":[{"embeddable":true,"href":"https:\/\/www.passy-muir.com\/es\/wp-json\/wp\/v2\/media\/585"}],"wp:attachment":[{"href":"https:\/\/www.passy-muir.com\/es\/wp-json\/wp\/v2\/media?parent=601"}],"wp:term":[{"taxonomy":"yst_prominent_words","embeddable":true,"href":"https:\/\/www.passy-muir.com\/es\/wp-json\/wp\/v2\/yst_prominent_words?post=601"}],"curies":[{"name":"wp","href":"https:\/\/api.w.org\/{rel}","templated":true}]}}