{"id":6743,"date":"2021-05-19T11:00:11","date_gmt":"2021-05-19T18:00:11","guid":{"rendered":"http:\/\/pmtest.passy-muir.com\/?page_id=6743"},"modified":"2025-08-06T08:56:09","modified_gmt":"2025-08-06T15:56:09","slug":"privacy","status":"publish","type":"page","link":"https:\/\/www.passy-muir.com\/es\/privacy\/","title":{"rendered":"Privacy"},"content":{"rendered":"<div class=\"l3-header-con no-banner\">\n<div class=\"l3-header-icon\">\n\t\t<img decoding=\"async\"  src=\"\/wp-content\/uploads\/2018\/02\/Privacy-Policy.jpg\" alt=\"privacy\" \/>\n\t<\/div>\n<div class=\"l3-header-text\">\n\t\t\t\tPol\u00edtica de privacidad\n                         <\/div>\n<\/p><\/div>\n<div style=\"clear:both\"><\/div>\n<div class=\"container\">\n<div class=\"row\">\n<div class=\"col-sm-3\">\n<\/div>\n<div class=\"col-sm-9\">\n<h1>Pol\u00edtica de privacidad<\/h1>\n<p class=\"page_paragraph\">\n  Passy-Muir, Inc.<br \/>\n  Effective Date: July 31, 2025\n<\/p>\n<p class=\"page_paragraph\"><strong>1. Our Commitment to Privacy.<\/strong><span class=\"translation-block\"> Passy-Muir is committed to protecting the privacy of visitors to its website, as well as all customers and patients who use Passy-Muir products or services. Our Privacy Policy is designed to advise you about how we collect, use, and protect the personal information that is provided. In visiting this website, you are agreeing to the terms described in this Privacy Policy. If you have any questions about our Privacy Policy please contact our Privacy Administrator at <a href=\"mailto:privacyadministrator@passymuir.com\" target=\"_top\" rel=\"noopener noreferrer\">privacyadministrator@passymuir.com<\/a>.<\/span>\n<\/p>\n<\/div>\n<\/div>\n<p><!--ends row--><\/p>\n<div class=\"row\">\n<div class=\"col-sm-3\">\n<p class=\"centered\">ESTE SITIO WEB EST\u00c1 CUBIERTO POR NUESTRA\nPOL\u00cdTICA DE PRIVACIDAD<\/p>\n<p><img decoding=\"async\" alt=\"privacy policy icon\" class=\"margin_auto\" src=\"\/wp-content\/uploads\/2018\/11\/general_info.jpg\">\n<\/div>\n<div class=\"col-sm-9\">\n<p class=\"page_paragraph\">\n<strong>2. This Website Is Covered by Our Privacy Policy.<\/strong><span class=\"translation-block\"> This Privacy Policy covers our website. While you may encounter links to other websites such as Instagram, Facebook, X, YouTube, Centers of Excellence, and international distributors, please note that those websites are third-party websites that are not controlled or operated by Passy-Muir. The privacy and information practices of those third-parties are not covered by this Privacy Policy. To learn more about those third-party policies, we encourage you to read and review the privacy policies of each third-party service during your visit to their websites. This Privacy Policy applies only to information collected or used by Passy-Muir and not to information you provide to third-parties outside of our website.<\/span>\n<\/p>\n<\/div>\n<\/div>\n<p><!--ends row--><\/p>\n<div class=\"row\">\n<div class=\"col-sm-3\">\n<p class=\"centered\">QU\u00c9 INFORMACI\u00d3N SE RECOGE Y C\u00d3MO SE UTILIZA<\/p>\n<p><img decoding=\"async\" alt=\"icon information collected\" class=\"margin_auto\" src=\"\/wp-content\/uploads\/2018\/11\/info_collected-250x304.jpg\"\" \/>\n<\/div>\n<div class=\"col-sm-9\">\n<p class=\"page_paragraph\">\n <strong>3. Qu\u00e9 informaci\u00f3n personal se recopila y c\u00f3mo se utiliza.<\/strong><span class=\"translation-block\"> As a visitor to our website, you may engage in many activities without providing us with any personal information. If you provide personal information to Passy-Muir through our website, social media posts, or email, we may use or collect the information as stated in this Privacy Policy. The information we collect is used for administering our business activities. Occasionally, we may use the information to notify you about changes to our website, new services, new products, educational opportunities, or other special offers. There are many situations where users may provide us with their personal information. These situations include:<\/span>\n  <\/p>\n<\/div>\n<\/div>\n<div class=\"row\">\n<div class=\"col-sm-3\">\n<\/div>\n<div class=\"col-sm-9\">\n<p class=\"page_paragraph indented\">\n<strong>a. Solicitudes de informaci\u00f3n del producto.<\/strong><span class=\"translation-block\"> We collect information that you enter into our website or send by email requesting that we provide you with information about our products. For example, we will use your name and address, or email address to fulfill your request. We may send additional product or educational opportunity information to you unless you ask us not to send any further information.<\/span>\n  <\/p>\n<p class=\"page_paragraph indented\">\n <strong>b. Compras de productos.<\/strong><span class=\"translation-block\"> You may be asked to provide personal information when you place an order for our products or services. We collect information that persons enter into our website, and provide through emails, letters, and telephone calls in connection with the purchase of a product or service. For example, if you purchase an educational product, such as a Pocket TOM<sup>\u00ae<\/sup>, through our website, we will use your name and address to fulfill the request and may send you additional product or educational opportunity information unless you ask us not to send any further information.<\/span><\/p>\n<p class=\"page_paragraph indented\">\n<strong>c. Carrito de compras en l\u00ednea.<\/strong><span class=\"translation-block\"> We use Weebly as an online shopping cart webpage service. Should you enter personal information such as credit card information into our online shopping cart to pay for our product or service, we will use the information through Weebly to collect payment and to fulfill the purchase. You may view Weebly\u2019s privacy policy at <a href=\"https:\/\/www.weebly.com\/privacy\">https:\/\/www.weebly.com\/privacy.<\/a><\/span><\/p>\n<p class=\"page_paragraph indented\">\n<strong>d. Comentarios de los clientes.<\/strong><span class=\"translation-block\"> Tambi\u00e9n utilizamos y almacenamos los comentarios de los clientes. Podemos utilizar la informaci\u00f3n de contacto personal para responder a un cliente. Tambi\u00e9n utilizaremos esta informaci\u00f3n cuando sea necesario para cumplir con nuestras obligaciones legales.<\/p>\n<p class=\"page_paragraph indented\">\n<strong>e. Comunicaciones generales.<\/strong><span class=\"translation-block\"> We also collect, store, and use information that you provide to us through emails, letters, customer response cards, and telephone calls. We may use this information to send you product or educational opportunity advertisements unless you ask us to not send you advertisements.<\/span><\/p>\n<p class=\"page_paragraph indented\">\n<strong>f. Educaci\u00f3n Continua.<\/strong><span class=\"translation-block\"> Our continuing education courses require that you provide Passy-Muir with personal information including, but not limited to, your first and last name, mailing address, email address, and telephone number. We also request that you complete a short survey about the education we provide. We may use this information to provide you with information about further educational opportunities or product offerings. In addition, if you participate in our continuing education courses for approved CEU credit, your identity, contact information, and confirmation of information relating to your completed courses may be supplied to: (i) the agency authorizing us to provide the continuing education credits to you (such as ASHA, AARC, and the Board of Registered Nursing), or (ii) a government licensing agency when we have a legal obligation to do so. The contact addresses of ASHA, AARC, and the Board of Registered Nursing are provided below. If you do not provide some of the requested personal information, you will not be able to receive continuing education credit and may not be able to view the online courses.<\/span>\n<\/p>\n<p style=\"margin-left: 8em\">\nAmerican Association for Respiratory Care (AARC)<br \/>\n9425 N. MacArthur Blvd, Suite 100<br \/>\nIrving TX 75063-4706 USA<br \/>\nTel\u00e9fono: (972) 243-2272<br \/>\nFax: (972) 484-2720<br \/>\nEmail: <a href=\"mailto:info@AARC.org\" target=\"_top\" rel=\"noopener noreferrer\">info@AARC.org<\/a>\n<\/p>\n<p style=\"margin-left: 8em\">\nAmerican Speech-Language-Hearing Association (ASHA)<br \/>\nNational Office<br \/>\n2200 Research Boulevard<br \/>\nRockville, MD 20850-3289 USA<br \/>\nMiembros: (800) 498-2071<br \/>\nNo miembro: (800) 638-8255<br \/>\nEmail: <a href=\"mailto:concerns@ASHA.org\" target=\"_top\" rel=\"noopener noreferrer\">concerns@ASHA.org<\/a>\n<\/p>\n<p style=\"margin-left: 8em\">\nCalifornia Board of Registered Nursing<br \/>\n1747 N. Market Blvd., Suite 150<br \/>\nSacramento, CA 95834-1924 USA<br \/>\nPhone: (916) 322-3350\n<\/p>\n<p class=\"page_paragraph indented\">\n<strong>g. TRACHTOOLS\u2122.<\/strong><span class=\"translation-block\"> No recopilamos la informaci\u00f3n personal de nuestros usuarios de la aplicaci\u00f3n TRACHTOOLS\u2122. Supervisamos el n\u00famero de descargas y el n\u00famero de usos de la aplicaci\u00f3n de forma an\u00f3nima. Si visita este sitio web a trav\u00e9s de nuestra aplicaci\u00f3n TRACHTOOLS\u2122, se aplicar\u00e1 esta Pol\u00edtica de privacidad.<\/span>\n<\/p>\n<p class=\"page_paragraph indented\">\n<strong>h. Informaci\u00f3n Autom\u00e1tica.<\/strong><span class=\"translation-block\"> When you visit a website, you disclose information such as your Internet Protocol (IP) address and the time of your visit. Passy-Muir\u2019s website, like many other sites, records basic information about visits to our website, such as the pages that are viewed and the number of views.<\/span>\n<\/p>\n<p class=\"page_paragraph indented\">\n<strong>i. No hay decisiones automatizadas.<\/strong><span class=\"translation-block\"> No utilizamos su informaci\u00f3n personal para tomar decisiones automatizadas.<\/span>\n<\/p>\n<p class=\"page_paragraph indented\">\n<strong>j. \u201cCookies.\u201d<\/strong><span class=\"translation-block\"> Cookies are pieces of information that are transferred to your computer from a website server. The use of cookies is required in order to use our continuing education courses. Cookies are small amounts of data transferred to your computer to track your visit. Cookies store important user information, such as your user and session IDs, which our website server needs in order to correctly attribute the information you provide to your account. Most browsers are set up to accept cookies, but you can change your settings to have your browser notify you when you receive a new cookie or to refuse to accept cookies on your system. Please view your own browser information to determine your cookie and privacy settings.<\/span><\/p>\n<p class=\"page_paragraph indented\">\n<strong>k. No transferimos su informaci\u00f3n fuera de los Estados Unidos.<\/strong><span class=\"translation-block\"> We DO NOT transfer your personal information to other countries. If you have taken our CEU courses for credit and would like to have a confirmation sent outside of the United States, please communicate with our Privacy Administrator at <a href=\"mailto:privacyadministrator@passymuir.com\" target=\"_top\" rel=\"noopener noreferrer\">privacyadministrator@passymuir.com<\/a> or at our mailing address below.<\/span><\/p>\n<p class=\"page_paragraph indented\"\">\n<strong>l. Informaci\u00f3n sensible.<\/strong><span class=\"translation-block\"> Our website does not collect or process sensitive data relating to race or ethnic origin, political opinions, religious or philosophical beliefs, trade union memberships, genetic or biometric data, health or mortality, sex life, or sexual orientation. However, if you voluntarily provide health information or photographs, our website will not use such information without your explicit consent.<\/span><\/p>\n<p class=\"page_paragraph indented\"\">\n<strong>m. Seguimiento de terceros.<\/strong><span class=\"translation-block\"> With the exception of CEU Credit Reporting to ASHA, AARC, and the Board of Registered Nursing as stated above, third-parties do not receive or collect personally identifiable information about an individual user\u2019s online activities on our website.<\/span>\n<\/p>\n<\/div>\n<\/div>\n<div class=\"row\">\n<div class=\"col-sm-3\">\n<p class=\"centered\">C\u00d3MO PROTEGEMOS SU INFORMACI\u00d3N<\/p>\n<p><img decoding=\"async\" alt=\"icon protected information\" class=\"margin_auto\" src=\"\/wp-content\/uploads\/2018\/11\/protect_info-250x327.jpg\" \/>\n<\/div>\n<div class=\"col-sm-9\">\n<p class=\"page_paragraph\">\n<strong>4. C\u00f3mo protegemos su informaci\u00f3n.<\/strong><span class=\"translation-block\"> We use security software to protect the confidentiality of your personal information. In addition, our business practices are reviewed periodically for compliance with policies and procedures governing the security and confidentiality of our databases and our computer systems. Our business practices limit our employees\u2019 access to your confidential information and limit the use and disclosure of such information to authorized persons. Your access to some of our services and content is password protected. We strongly recommend that you DO NOT disclose your password to anyone. In addition, we recommend that you sign out of password protected services at the end of each session.<\/span><\/p>\n<\/div>\n<\/div>\n<div class=\"row\">\n<div class=\"col-sm-3\">\n<\/div>\n<div class=\"col-sm-9\">\n<p class=\"page_paragraph indented\">\n<strong>a. Terceros.<\/strong><span class=\"translation-block\"> The privacy and protection of your information is important to us. We do not make any personal information available to third-parties without your permission. While using our website, you may encounter links to other websites such as Instagram, Facebook, X, YouTube, Centers of Excellence, and international distributors. Those websites are third-party websites that are not controlled or operated by Passy-Muir and the privacy and information practices of those third-parties are not covered by this Privacy Policy. To learn more about third-party privacy, we encourage you to read and review the privacy policies of each third-party service that you may choose to link to and use in connection with your visit to our website.<\/span><\/p>\n<p class=\"page_paragraph indented\">\n<strong>b. Continuing Education Credit Disclosures to ASHA, AARC, and the Board of Registered Nursing. <\/strong><span class=\"translation-block\"> If you participate in our continuing education courses for approved CEU credit, your identity, contact information, and confirmation of information relating to your completed courses may be supplied to:  (i) the agency authorizing us to provide the continuing education credits to you (such as ASHA, AARC, and the Board of Registered Nursing), or (ii) a government licensing agency when we have a legal obligation to do so. The contact addresses of ASHA, AARC, and the Board of Registered Nursing are provided above. If you do not provide some of the requested personal information, you will not be able to receive continuing education credit and may not be able to view the online courses.<\/span><\/p>\n<p class=\"page_paragraph indented\">\n<strong>c. Informaci\u00f3n que usted divulga a sitios web de terceros.<\/strong><span class=\"translation-block\"> We encourage you to think carefully before you decide to put anything on the Internet. We do have links to other websites that are not managed or controlled by us. Please be cautious about providing information to those websites. For example, if you voluntarily disclose personal information or pictures on social media, that information could be seen and used by others, and may result in unsolicited messages from others. We are not responsible for the personally identifiable information that you submit in these public forums or to other third-party websites. To request removal of your personal information from our social media accounts, please contact our Privacy Administrator at the address below. If we control a social media site we will remove the information if it is possible for us to do so and will let you know the results of our efforts.<\/span><\/p>\n<p class=\"page_paragraph indented\">\n<strong>d. Qui\u00e9n tiene acceso a la informaci\u00f3n del usuario.<\/strong><span class=\"translation-block\"> Information about our users is important to us. We will not sell or disclose any individually identifiable information to any private third-party without first receiving that user\u2019s permission. We do disclose continuing education credit information to ASHA, AARC, and the Board of Registered Nursing as provided herein. We will supply information to governmental agencies when we are legally required to provide the information.<\/span>\n<\/p>\n<\/div>\n<\/div>\n<div class=\"row\">\n<div class=\"col-sm-3\">\n<p class=\"centered\">NI\u00d1OS<\/p>\n<p><img decoding=\"async\" alt=\"icon children\" class=\"margin_auto\" src=\"\/wp-content\/uploads\/2018\/11\/children-250x342.jpg\"\/>\n<\/div>\n<div class=\"col-sm-9\">\n<p class=\"page_paragraph\">\n<strong>5. Ni\u00f1os.<\/strong><span class=\"translation-block\"> Our Internet website does not provide services or products to children under the age of 18. If you are under the age of 18, you may use this website only with the involvement of a parent or guardian. Some of the information contained on this website relates to tracheostomies and related medical procedures, and may be considered graphic or inappropriate for minors. We request that clinicians, parents, and guardians privately view a webpage prior to allowing children to view the page. If we learn that we have obtained information from a person less than the age of 18, we will delete such information.<\/span>\n<\/p>\n<\/div>\n<\/div>\n<div class=\"row\">\n<div class=\"col-sm-3\">\n<p class=\"centered\">C\u00d3MO CAMBIAR SUS CONFIGURACIONES DE\nPRIVACIDAD<\/p>\n<p><img decoding=\"async\" alt=\"icon privacy settings\" class=\"margin_auto\" src=\"\/wp-content\/uploads\/2018\/11\/change_settings-250x250.jpg\"  \/>\n<\/div>\n<div class=\"col-sm-9\">\n<p class=\"page_paragraph\">\n<strong>6. C\u00f3mo acceder y cambiar su informaci\u00f3n y preferencias.<\/strong><span class=\"translation-block\"> Puede acceder, cambiar y modificar su configuraci\u00f3n de privacidad, informaci\u00f3n personal y optar por no recibir ofertas de correo electr\u00f3nico como se indica a continuaci\u00f3n.<\/span><\/p>\n<p class=\"page_paragraph indented\">\n<strong>a. C\u00f3mo puede acceder, cambiar o modificar su informaci\u00f3n personal.<\/strong><span class=\"translation-block\"> You can access all of your personally identifiable information by sending an email to our Privacy Administrator at <a href=\"mailto:privacyadministrator@passymuir.com\" target=\"_top\" rel=\"noopener noreferrer\">privacyadministrator@passymuir.com<\/a>. You may also mail us at the address provided below.<\/span><\/p>\n<p class=\"page_paragraph indented\">\n<strong>b. Optar por no recibir promociones por correo electr\u00f3nico.<\/strong><span class=\"translation-block\"> When you receive an email relating to educational or product offerings and you do not want to receive such emails in the future, you can notify us by clicking on the \u201cunsubscribe\u201d link attached to each email.<\/span><\/p>\n<p class=\"page_paragraph\">\n<strong>7. Consentimiento.<\/strong><span class=\"translation-block\"> Al utilizar nuestro sitio web, usted acepta la recopilaci\u00f3n y el uso de su informaci\u00f3n personal tal como se describe en esta Pol\u00edtica de privacidad.<\/span>\n<\/p>\n<\/div>\n<\/div>\n<div class=\"row\">\n<div class=\"col-sm-3\">\n<p class=\"centered\">POL\u00cdTICA DE NO RASTREAR<\/p>\n<p><img decoding=\"async\" alt=\"icon no tracking\" class=\"margin_auto\" src=\"\/wp-content\/uploads\/2018\/11\/no_tracking-250x225.jpg\" \/>\n<\/div>\n<div class=\"col-sm-9\">\n<p class=\"page_paragraph\">\n<strong>8. Pol\u00edtica de No Rastrear.<\/strong><span class=\"translation-block\"> Nuestra empresa no utiliza el rastreo para proporcionar publicidad dirigida, o para realizar un seguimiento de la informaci\u00f3n de otros sitios web que visita. Respondemos a cualquier se\u00f1al de \"no rastrear\" al no rastrear a los usuarios. No permitimos a terceros realizar un seguimiento de los datos del sitio web del usuario. Hacemos un seguimiento del n\u00famero de veces que se accede a nuestro sitio web y varias p\u00e1ginas, y no se almacena informaci\u00f3n personal a menos que el usuario la ingrese.<\/span><\/p>\n<p><span class=\"translation-block\"> The Calif. Bus. &#038; Prof. Code \u00a7 22575 requires the operator of a commercial website or online service to disclose in its privacy policy how it responds to a web browser \u2018Do Not Track\u2019 signal or similar mechanisms providing consumers with the ability to exercise choice about online tracking of their personal information across sites or services, and over time. It also requires the operator to disclose whether third-parties are or may be conducting such tracking on the operator\u2019s site or service.\u2028<br \/>\n<\/span><\/p>\n<p class=\"page_paragraph\">\n<strong>9. Actualizaremos esta pol\u00edtica.<\/strong><span class=\"translation-block\"> From time to time we will update our Privacy Policy to reflect our data practices or applicable laws and regulations. When our Privacy Policy changes, we will immediately post those changes on our Internet website and update our \u201cEffective Date\u201d at the top of this policy. We request that you please review this webpage to check for updates.<\/span>\n<\/p>\n<p class=\"page_paragraph\">\n<strong>10. Limitation of Liability. <\/strong><span class=\"translation-block\"> To the maximum extent permitted by applicable law, Passy-Muir shall not be liable for any indirect, incidental, special, consequential or punitive damages, or any loss of profits or revenues, whether incurred directly or indirectly, or any loss of data, use, goodwill, or other intangible losses resulting from:<\/span>\n<\/p>\n<p class=\"page_paragraph indented\">\na. Your access to, use of, or inability to access or use the Website or Services;<\/span><\/p>\n<p class=\"page_paragraph indented\">\nb. Any unauthorized access to or use of our secure servers and\/or any personal information stored therein;<\/span><\/p>\n<p class=\"page_paragraph indented\">\nc. Any interruption or cessation of transmission to or from the Website or Services; or <\/span><\/p>\n<p class=\"page_paragraph indented\">\nd. Any bugs, viruses, trojan horses, or the like that may be transmitted to or through the Website or Services by any third-party.<\/span><\/p>\n<p class=\"page_paragraph\">\n<strong>11. Governing Law and Jurisdiction.<\/strong><span class=\"translation-block\"> This Privacy Policy shall be governed by and construed in accordance with the laws of the State of California, without regard to its conflict of law provisions. Any dispute arising out of or relating to this Privacy Policy or your use of the Website or Services shall be subject to the exclusive jurisdiction of the state and federal courts located in Orange County, California.<\/span>\n<\/p>\n<p class=\"page_paragraph\">\n<strong>12. Questions or Concerns.<\/strong><span class=\"translation-block\"> If you have any questions or concerns, please do not hesitate to contact our Privacy Administrator at <a href=\"mailto:privacyadministrator@passymuir.com\" target=\"_top\" rel=\"noopener noreferrer\">privacyadministrator@passymuir.com<\/a>. You may also contact us:<\/span><br \/>\n<\/p>\n<p style=\"margin-left: 8em\">\nPassy-Muir, Inc.<br \/>\n17992 Mitchell South, Ste 200<br \/>\nIrvine, CA, 92614 USA<br \/>\nPhone: (949) 833- 8255<br \/>\nEmail: <a href=\"mailto:privacyadministrator@passymuir.com\" target=\"_top\" rel=\"noopener noreferrer\">privacyadministrator@passymuir.com<\/a><\/p>\n<p class=\"page_paragraph\">\n<strong>13. Entire Agreement.<\/strong><span class=\"translation-block\"> This Privacy Policy, together with our Terms of Use, constitutes the entire agreement between you and Passy-Muir regarding the use of the Website and Services and supersedes any prior agreements between you and Passy-Muir relating to your use of the Website or Services.<\/span>\n<\/p>\n<p>\nBy using the Passy-Muir Website and Services, you acknowledge that you have read and understood this Privacy Policy and agree to be bound by its terms and conditions.<\/p>\n<\/div>\n<\/div>\n<\/div>\n<p><!--container end--><\/p>","protected":false},"excerpt":{"rendered":"Privacy Policy Privacy Policy Passy-Muir, Inc. Effective Date: July 31, 2025 1. Our Commitment to Privacy. Passy-Muir is committed to protecting the privacy of visitors to its website, as well as all customers and patients who use Passy-Muir products or services. Our Privacy Policy is designed to advise you about how we collect, use, and [&hellip;]","protected":false},"author":6,"featured_media":929,"parent":0,"menu_order":0,"comment_status":"closed","ping_status":"closed","template":"","meta":{"footnotes":""},"yst_prominent_words":[4017,582,194,577,4018,578,586,4016,587,585,72,570,588,575,572,571,581,580,584,579],"class_list":["post-6743","page","type-page","status-publish","has-post-thumbnail","hentry"],"_links":{"self":[{"href":"https:\/\/www.passy-muir.com\/es\/wp-json\/wp\/v2\/pages\/6743","targetHints":{"allow":["GET"]}}],"collection":[{"href":"https:\/\/www.passy-muir.com\/es\/wp-json\/wp\/v2\/pages"}],"about":[{"href":"https:\/\/www.passy-muir.com\/es\/wp-json\/wp\/v2\/types\/page"}],"author":[{"embeddable":true,"href":"https:\/\/www.passy-muir.com\/es\/wp-json\/wp\/v2\/users\/6"}],"replies":[{"embeddable":true,"href":"https:\/\/www.passy-muir.com\/es\/wp-json\/wp\/v2\/comments?post=6743"}],"version-history":[{"count":27,"href":"https:\/\/www.passy-muir.com\/es\/wp-json\/wp\/v2\/pages\/6743\/revisions"}],"predecessor-version":[{"id":21775,"href":"https:\/\/www.passy-muir.com\/es\/wp-json\/wp\/v2\/pages\/6743\/revisions\/21775"}],"wp:featuredmedia":[{"embeddable":true,"href":"https:\/\/www.passy-muir.com\/es\/wp-json\/wp\/v2\/media\/929"}],"wp:attachment":[{"href":"https:\/\/www.passy-muir.com\/es\/wp-json\/wp\/v2\/media?parent=6743"}],"wp:term":[{"taxonomy":"yst_prominent_words","embeddable":true,"href":"https:\/\/www.passy-muir.com\/es\/wp-json\/wp\/v2\/yst_prominent_words?post=6743"}],"curies":[{"name":"wp","href":"https:\/\/api.w.org\/{rel}","templated":true}]}}